{"id":1204,"date":"2019-04-03T12:24:50","date_gmt":"2019-04-03T11:24:50","guid":{"rendered":"http:\/\/serwis.fr\/?page_id=1204"},"modified":"2019-04-05T15:01:41","modified_gmt":"2019-04-05T14:01:41","slug":"vaisala-oyj-eiffage","status":"publish","type":"page","link":"https:\/\/serwis.fr\/index.php\/vaisala-oyj-eiffage\/","title":{"rendered":"2016 &#8211; Vaisala Oyj \/ Eiffage Rail Express (ERE)"},"content":{"rendered":"<div id=\"pl-gb1204-6a090a859bd03\"  class=\"panel-layout\" ><div id=\"pg-gb1204-6a090a859bd03-0\"  class=\"panel-grid panel-no-style\" ><div id=\"pgc-gb1204-6a090a859bd03-0-0\"  class=\"panel-grid-cell\" ><div id=\"panel-gb1204-6a090a859bd03-0-0-0\" class=\"so-panel widget widget_shortcodes-ultimate shortcodes-ultimate panel-first-child panel-last-child\" data-index=\"0\" ><div class=\"textwidget\"><div id=\"su_slider_6a090a859d41e\" class=\"su-slider su-slider-centered su-slider-pages-no su-slider-responsive-yes\" style=\"width:100%\" data-autoplay=\"3000\" data-speed=\"600\" data-mousewheel=\"true\"><div class=\"su-slider-slides\"><div class=\"su-slider-slide\"><a><img decoding=\"async\" src=\"https:\/\/serwis.fr\/wp-content\/uploads\/2019\/04\/2017-01-18-09.41.03-320x426.jpg\" alt=\"2017-01-18 09.41.03\" \/><\/a><\/div><div class=\"su-slider-slide\"><a><img decoding=\"async\" src=\"https:\/\/serwis.fr\/wp-content\/uploads\/2019\/03\/2017-01-17-10.54.29-e1553513375833.jpg\" alt=\"\" \/><\/a><\/div><div class=\"su-slider-slide\"><a><img decoding=\"async\" src=\"https:\/\/serwis.fr\/wp-content\/uploads\/2019\/03\/2017-01-19-12.56.28-e1553513396954.jpg\" alt=\"\" \/><\/a><\/div><\/div><div class=\"su-slider-nav\"><div class=\"su-slider-direction\"><span class=\"su-slider-prev\"><\/span><span class=\"su-slider-next\"><\/span><\/div><div class=\"su-slider-pagination\"><\/div><\/div><\/div><\/div><\/div><\/div><div id=\"pgc-gb1204-6a090a859bd03-0-1\"  class=\"panel-grid-cell\" ><div id=\"panel-gb1204-6a090a859bd03-0-1-0\" class=\"so-panel widget widget_sow-editor panel-first-child panel-last-child\" data-index=\"1\" ><div\n\t\t\t\n\t\t\tclass=\"so-widget-sow-editor so-widget-sow-editor-base\"\n\t\t\t\n\t\t>\n<div class=\"siteorigin-widget-tinymce textwidget\">\n\t<ul><div class=\"su-spacer\" style=\"height:22px\"><\/div><\/p>\n<li style=\"text-align: justify;\"><em><u>Projet <\/u><\/em>:<br \/> 10 stations RWS200 pour la ligne \u00e0 grande vitesse Bretagne &#8211; Pays de de la Loire<\/li>\n<li style=\"text-align: justify;\"><em><u>Application <\/u><\/em>:<br \/> D\u00e9tection de givre sur cat\u00e9naire et d\u00e9clenchement chauffage aiguille<\/li>\n<li style=\"text-align: justify;\"><em><u>Services <\/u><\/em>:<br \/> Assistance \u00e0 l&rsquo;installation, tests d&rsquo;acceptation sur site, formation des techniciens d&rsquo;OPERE<\/li>\n<\/ul>\n<\/div>\n<\/div><\/div><\/div><\/div><\/div>","protected":false},"excerpt":{"rendered":"<p>Projet : 10 stations RWS200 pour la ligne \u00e0 grande vitesse Bretagne &#8211; Pays de de la Loire Application : D\u00e9tection de givre sur cat\u00e9naire et d\u00e9clenchement chauffage aiguille Services : Assistance \u00e0 l&rsquo;installation, tests d&rsquo;acceptation sur site, formation des techniciens d&rsquo;OPERE<\/p>\n","protected":false},"author":1,"featured_media":0,"parent":0,"menu_order":0,"comment_status":"closed","ping_status":"closed","template":"","meta":[],"_links":{"self":[{"href":"https:\/\/serwis.fr\/index.php\/wp-json\/wp\/v2\/pages\/1204"}],"collection":[{"href":"https:\/\/serwis.fr\/index.php\/wp-json\/wp\/v2\/pages"}],"about":[{"href":"https:\/\/serwis.fr\/index.php\/wp-json\/wp\/v2\/types\/page"}],"author":[{"embeddable":true,"href":"https:\/\/serwis.fr\/index.php\/wp-json\/wp\/v2\/users\/1"}],"replies":[{"embeddable":true,"href":"https:\/\/serwis.fr\/index.php\/wp-json\/wp\/v2\/comments?post=1204"}],"version-history":[{"count":30,"href":"https:\/\/serwis.fr\/index.php\/wp-json\/wp\/v2\/pages\/1204\/revisions"}],"predecessor-version":[{"id":1308,"href":"https:\/\/serwis.fr\/index.php\/wp-json\/wp\/v2\/pages\/1204\/revisions\/1308"}],"wp:attachment":[{"href":"https:\/\/serwis.fr\/index.php\/wp-json\/wp\/v2\/media?parent=1204"}],"curies":[{"name":"wp","href":"https:\/\/api.w.org\/{rel}","templated":true}]}}