{"id":1208,"date":"2019-04-03T12:26:52","date_gmt":"2019-04-03T11:26:52","guid":{"rendered":"http:\/\/serwis.fr\/?page_id=1208"},"modified":"2019-04-05T18:13:39","modified_gmt":"2019-04-05T17:13:39","slug":"vaisala-oyj-autoroute-area","status":"publish","type":"page","link":"https:\/\/serwis.fr\/index.php\/vaisala-oyj-autoroute-area\/","title":{"rendered":"2016 &#8211; Vaisala Oyj \/ Eiffage \/ Autoroute AREA"},"content":{"rendered":"<div id=\"pl-gb1208-69f60a2dc31cd\"  class=\"panel-layout\" ><div id=\"pg-gb1208-69f60a2dc31cd-0\"  class=\"panel-grid panel-no-style\" ><div id=\"pgc-gb1208-69f60a2dc31cd-0-0\"  class=\"panel-grid-cell\" ><div id=\"panel-gb1208-69f60a2dc31cd-0-0-0\" class=\"so-panel widget widget_shortcodes-ultimate shortcodes-ultimate panel-first-child panel-last-child\" data-index=\"0\" ><div class=\"textwidget\"><div id=\"su_slider_69f60a2dc4173\" class=\"su-slider su-slider-centered su-slider-pages-no su-slider-responsive-yes\" style=\"width:100%\" data-autoplay=\"3000\" data-speed=\"600\" data-mousewheel=\"true\"><div class=\"su-slider-slides\"><div class=\"su-slider-slide\"><a><img decoding=\"async\" src=\"https:\/\/serwis.fr\/wp-content\/uploads\/2019\/02\/2016-11-25-11.06.03-320x420.jpg\" alt=\"2016-11-25 11.06.03\" \/><\/a><\/div><div class=\"su-slider-slide\"><a><img decoding=\"async\" src=\"https:\/\/serwis.fr\/wp-content\/uploads\/2018\/01\/210920111320-320x420.jpg\" alt=\"210920111320\" \/><\/a><\/div><\/div><div class=\"su-slider-nav\"><div class=\"su-slider-direction\"><span class=\"su-slider-prev\"><\/span><span class=\"su-slider-next\"><\/span><\/div><div class=\"su-slider-pagination\"><\/div><\/div><\/div><\/div><\/div><\/div><div id=\"pgc-gb1208-69f60a2dc31cd-0-1\"  class=\"panel-grid-cell\" ><div id=\"panel-gb1208-69f60a2dc31cd-0-1-0\" class=\"so-panel widget widget_sow-editor panel-first-child panel-last-child\" data-index=\"1\" ><div\n\t\t\t\n\t\t\tclass=\"so-widget-sow-editor so-widget-sow-editor-base\"\n\t\t\t\n\t\t>\n<div class=\"siteorigin-widget-tinymce textwidget\">\n\t<div class=\"su-spacer\" style=\"height:50px\"><\/div>\n<ul>\n<li style=\"text-align: left;\"><em><u>Projet <\/u><\/em>:<br \/>\n2 stations de m\u00e9t\u00e9orologie routi\u00e8re RWS200 de type non intrusif d\u00e9ploy\u00e9es sur le r\u00e9seau autoroutier AREA<\/li>\n<li><em><u>Application<\/u><\/em> : <span style=\"color: #000000;\"><br \/>\nSurveillance<\/span> de l&rsquo;\u00e9tat de surface de la chauss\u00e9e<\/li>\n<li><em><u>Services<\/u><\/em> :<br \/>\nAssistance \u00e0 l&rsquo;installation, tests d&rsquo;acceptation sur site,\u00a0 formation des exploitants<\/li>\n<\/ul>\n<\/div>\n<\/div><\/div><\/div><\/div><\/div>","protected":false},"excerpt":{"rendered":"<p>Projet : 2 stations de m\u00e9t\u00e9orologie routi\u00e8re RWS200 de type non intrusif d\u00e9ploy\u00e9es sur le r\u00e9seau autoroutier AREA Application : Surveillance de l&rsquo;\u00e9tat de surface de la chauss\u00e9e Services : Assistance \u00e0 l&rsquo;installation, tests d&rsquo;acceptation sur site,\u00a0 formation des exploitants<\/p>\n","protected":false},"author":1,"featured_media":0,"parent":0,"menu_order":0,"comment_status":"closed","ping_status":"closed","template":"","meta":[],"_links":{"self":[{"href":"https:\/\/serwis.fr\/index.php\/wp-json\/wp\/v2\/pages\/1208"}],"collection":[{"href":"https:\/\/serwis.fr\/index.php\/wp-json\/wp\/v2\/pages"}],"about":[{"href":"https:\/\/serwis.fr\/index.php\/wp-json\/wp\/v2\/types\/page"}],"author":[{"embeddable":true,"href":"https:\/\/serwis.fr\/index.php\/wp-json\/wp\/v2\/users\/1"}],"replies":[{"embeddable":true,"href":"https:\/\/serwis.fr\/index.php\/wp-json\/wp\/v2\/comments?post=1208"}],"version-history":[{"count":20,"href":"https:\/\/serwis.fr\/index.php\/wp-json\/wp\/v2\/pages\/1208\/revisions"}],"predecessor-version":[{"id":1388,"href":"https:\/\/serwis.fr\/index.php\/wp-json\/wp\/v2\/pages\/1208\/revisions\/1388"}],"wp:attachment":[{"href":"https:\/\/serwis.fr\/index.php\/wp-json\/wp\/v2\/media?parent=1208"}],"curies":[{"name":"wp","href":"https:\/\/api.w.org\/{rel}","templated":true}]}}