{"id":1212,"date":"2019-04-03T12:28:03","date_gmt":"2019-04-03T11:28:03","guid":{"rendered":"http:\/\/serwis.fr\/?page_id=1212"},"modified":"2019-04-05T15:40:59","modified_gmt":"2019-04-05T14:40:59","slug":"2017-vaisala-oyj-direction-de-lenvironnement-monaco","status":"publish","type":"page","link":"https:\/\/serwis.fr\/index.php\/2017-vaisala-oyj-direction-de-lenvironnement-monaco\/","title":{"rendered":"2017 &#8211; Vaisala Oyj \/ Direction de l&rsquo;environnement Monaco"},"content":{"rendered":"<div id=\"pl-gb1212-6a090a9103939\"  class=\"panel-layout\" ><div id=\"pg-gb1212-6a090a9103939-0\"  class=\"panel-grid panel-no-style\" ><div id=\"pgc-gb1212-6a090a9103939-0-0\"  class=\"panel-grid-cell\" ><div id=\"panel-gb1212-6a090a9103939-0-0-0\" class=\"so-panel widget widget_shortcodes-ultimate shortcodes-ultimate panel-first-child panel-last-child\" data-index=\"0\" ><div class=\"textwidget\"><div id=\"su_slider_6a090a91044a5\" class=\"su-slider su-slider-centered su-slider-pages-no su-slider-responsive-yes\" style=\"width:100%\" data-autoplay=\"3000\" data-speed=\"600\" data-mousewheel=\"true\"><div class=\"su-slider-slides\"><div class=\"su-slider-slide\"><a><img decoding=\"async\" src=\"https:\/\/serwis.fr\/wp-content\/uploads\/2019\/04\/20170717_102210_3_ret-320x420.jpg\" alt=\"20170717_102210_3_ret\" \/><\/a><\/div><div class=\"su-slider-slide\"><a><img decoding=\"async\" src=\"https:\/\/serwis.fr\/wp-content\/uploads\/2019\/04\/20170718_105858_ret1-320x420.jpg\" alt=\"20170718_105858_ret1\" \/><\/a><\/div><div class=\"su-slider-slide\"><a><img decoding=\"async\" src=\"https:\/\/serwis.fr\/wp-content\/uploads\/2019\/04\/2015-11-10-14.47.41_ret1-320x420.jpg\" alt=\"2015-11-10 14.47.41_ret1\" \/><\/a><\/div><\/div><div class=\"su-slider-nav\"><div class=\"su-slider-direction\"><span class=\"su-slider-prev\"><\/span><span class=\"su-slider-next\"><\/span><\/div><div class=\"su-slider-pagination\"><\/div><\/div><\/div><\/div><\/div><\/div><div id=\"pgc-gb1212-6a090a9103939-0-1\"  class=\"panel-grid-cell\" ><div id=\"panel-gb1212-6a090a9103939-0-1-0\" class=\"so-panel widget widget_sow-editor panel-first-child panel-last-child\" data-index=\"1\" ><div\n\t\t\t\n\t\t\tclass=\"so-widget-sow-editor so-widget-sow-editor-base\"\n\t\t\t\n\t\t>\n<div class=\"siteorigin-widget-tinymce textwidget\">\n\t<ul><div class=\"su-spacer\" style=\"height:22px\"><\/div><\/p>\n<li style=\"text-align: justify;\"><em><u>Projet <\/u><\/em>:<br \/> 3 stations m\u00e9t\u00e9orologiques synoptiques AWS310 raccord\u00e9es \u00e0 un serveur \u00ab\u00a0Observation Network\u00a0\u00bb NM10 de Vaisala<\/li>\n<li style=\"text-align: justify;\"><em><u>Application <\/u><\/em>:<br \/> Mesure des param\u00e8tres atmosph\u00e9riques (temp\u00e9rature, humidit\u00e9, vent, pr\u00e9cipitations, rayonnement&#8230;)<\/li>\n<li style=\"text-align: justify;\"><em><u>Services <\/u><\/em>:<br \/> Installation des stations et du serveur, param\u00e9trage du serveur, formation<\/li>\n<\/ul>\n<\/div>\n<\/div><\/div><\/div><\/div><\/div>","protected":false},"excerpt":{"rendered":"<p>Projet : 3 stations m\u00e9t\u00e9orologiques synoptiques AWS310 raccord\u00e9es \u00e0 un serveur \u00ab\u00a0Observation Network\u00a0\u00bb NM10 de Vaisala Application : Mesure des param\u00e8tres atmosph\u00e9riques (temp\u00e9rature, humidit\u00e9, vent, pr\u00e9cipitations, rayonnement&#8230;) Services : Installation des stations et du serveur, param\u00e9trage du serveur, formation<\/p>\n","protected":false},"author":1,"featured_media":0,"parent":0,"menu_order":0,"comment_status":"closed","ping_status":"closed","template":"","meta":[],"_links":{"self":[{"href":"https:\/\/serwis.fr\/index.php\/wp-json\/wp\/v2\/pages\/1212"}],"collection":[{"href":"https:\/\/serwis.fr\/index.php\/wp-json\/wp\/v2\/pages"}],"about":[{"href":"https:\/\/serwis.fr\/index.php\/wp-json\/wp\/v2\/types\/page"}],"author":[{"embeddable":true,"href":"https:\/\/serwis.fr\/index.php\/wp-json\/wp\/v2\/users\/1"}],"replies":[{"embeddable":true,"href":"https:\/\/serwis.fr\/index.php\/wp-json\/wp\/v2\/comments?post=1212"}],"version-history":[{"count":5,"href":"https:\/\/serwis.fr\/index.php\/wp-json\/wp\/v2\/pages\/1212\/revisions"}],"predecessor-version":[{"id":1320,"href":"https:\/\/serwis.fr\/index.php\/wp-json\/wp\/v2\/pages\/1212\/revisions\/1320"}],"wp:attachment":[{"href":"https:\/\/serwis.fr\/index.php\/wp-json\/wp\/v2\/media?parent=1212"}],"curies":[{"name":"wp","href":"https:\/\/api.w.org\/{rel}","templated":true}]}}