{"id":1344,"date":"2019-04-05T16:38:58","date_gmt":"2019-04-05T15:38:58","guid":{"rendered":"http:\/\/serwis.fr\/?page_id=1344"},"modified":"2019-10-17T17:13:57","modified_gmt":"2019-10-17T16:13:57","slug":"2018-vaisala-onm-algerie","status":"publish","type":"page","link":"https:\/\/serwis.fr\/index.php\/2018-vaisala-onm-algerie\/","title":{"rendered":"2018 &#8211; Vaisala Oyj \/ ONM Alg\u00e9rie"},"content":{"rendered":"<div id=\"pl-gb1344-69ecf280208f7\"  class=\"panel-layout\" ><div id=\"pg-gb1344-69ecf280208f7-0\"  class=\"panel-grid panel-no-style\" ><div id=\"pgc-gb1344-69ecf280208f7-0-0\"  class=\"panel-grid-cell\" ><div id=\"panel-gb1344-69ecf280208f7-0-0-0\" class=\"so-panel widget widget_shortcodes-ultimate shortcodes-ultimate panel-first-child panel-last-child\" data-index=\"0\" ><div class=\"textwidget\"><div id=\"su_slider_69ecf28022851\" class=\"su-slider su-slider-centered su-slider-pages-no su-slider-responsive-yes\" style=\"width:100%\" data-autoplay=\"3000\" data-speed=\"600\" data-mousewheel=\"true\"><div class=\"su-slider-slides\"><div class=\"su-slider-slide\"><a><img decoding=\"async\" src=\"https:\/\/serwis.fr\/wp-content\/uploads\/2019\/04\/20181003_163438-e1554482298465.jpg\" alt=\"20181003_163438\" \/><\/a><\/div><div class=\"su-slider-slide\"><a><img decoding=\"async\" src=\"https:\/\/serwis.fr\/wp-content\/uploads\/2019\/04\/20180925_133828-e1554482356119.jpg\" alt=\"20180925_133828\" \/><\/a><\/div><div class=\"su-slider-slide\"><a><img decoding=\"async\" src=\"https:\/\/serwis.fr\/wp-content\/uploads\/2019\/04\/20180925_130905-e1554482370435.jpg\" alt=\"20180925_130905\" \/><\/a><\/div><div class=\"su-slider-slide\"><a><img decoding=\"async\" src=\"https:\/\/serwis.fr\/wp-content\/uploads\/2019\/04\/20180924_173240-320x420.jpg\" alt=\"20180924_173240\" \/><\/a><\/div><div class=\"su-slider-slide\"><a><img decoding=\"async\" src=\"https:\/\/serwis.fr\/wp-content\/uploads\/2019\/04\/20180924_173236-e1554482389604.jpg\" alt=\"20180924_173236\" \/><\/a><\/div><div class=\"su-slider-slide\"><a><img decoding=\"async\" src=\"https:\/\/serwis.fr\/wp-content\/uploads\/2019\/04\/20180923_182338-e1554482400789.jpg\" alt=\"20180923_182338\" \/><\/a><\/div><div class=\"su-slider-slide\"><a><img decoding=\"async\" src=\"https:\/\/serwis.fr\/wp-content\/uploads\/2019\/04\/20180919_163940-e1554482421828.jpg\" alt=\"20180919_163940\" \/><\/a><\/div><\/div><div class=\"su-slider-nav\"><div class=\"su-slider-direction\"><span class=\"su-slider-prev\"><\/span><span class=\"su-slider-next\"><\/span><\/div><div class=\"su-slider-pagination\"><\/div><\/div><\/div><\/div><\/div><\/div><div id=\"pgc-gb1344-69ecf280208f7-0-1\"  class=\"panel-grid-cell\" ><div id=\"panel-gb1344-69ecf280208f7-0-1-0\" class=\"so-panel widget widget_sow-editor panel-first-child panel-last-child\" data-index=\"1\" ><div\n\t\t\t\n\t\t\tclass=\"so-widget-sow-editor so-widget-sow-editor-base\"\n\t\t\t\n\t\t>\n<div class=\"siteorigin-widget-tinymce textwidget\">\n\t<ul><div class=\"su-spacer\" style=\"height:1px\"><\/div><\/p>\n<li style=\"text-align: justify;\"><em><u>Projet <\/u><\/em>:<br \/>\nEnsemble de syst\u00e8mes m\u00e9t\u00e9orologiques (3 stations AWS310-site, 6 capteurs de visibilit\u00e9 FS11, 2 t\u00e9l\u00e9m\u00e8tres de nuages CL31, 2 stations RWS200 de mesure d&rsquo;\u00e9tat de surface des pistes) et centrale acquisition et de visualisation de donn\u00e9es Avimet pour l\u2019a\u00e9roport international de Boum\u00e9di\u00e8ne (Alg\u00e9rie)<\/li>\n<li style=\"text-align: justify;\"><em><u>Application <\/u><\/em>:<br \/>\nDomaine a\u00e9roportuaire<\/li>\n<li style=\"text-align: justify;\"><em><u>Services <\/u><\/em>:<br \/>\nAssistance \u00e0 l&rsquo;installation, formation \u00e0 la configuration, \u00e0 l&rsquo;utilisation et \u00e0 la maintenance<\/li>\n<\/ul>\n<\/div>\n<\/div><\/div><\/div><\/div><\/div>","protected":false},"excerpt":{"rendered":"<p>Projet : Ensemble de syst\u00e8mes m\u00e9t\u00e9orologiques (3 stations AWS310-site, 6 capteurs de visibilit\u00e9 FS11, 2 t\u00e9l\u00e9m\u00e8tres de nuages CL31, 2 stations RWS200 de mesure d&rsquo;\u00e9tat de surface des pistes) et centrale acquisition et de visualisation de donn\u00e9es Avimet pour l\u2019a\u00e9roport international de Boum\u00e9di\u00e8ne (Alg\u00e9rie) Application : Domaine a\u00e9roportuaire Services : Assistance \u00e0 l&rsquo;installation, formation \u00e0 &hellip; <\/p>\n<p class=\"link-more\"><a href=\"https:\/\/serwis.fr\/index.php\/2018-vaisala-onm-algerie\/\" class=\"more-link\">Continuer la lecture<span class=\"screen-reader-text\"> de &laquo;&nbsp;2018 &#8211; Vaisala Oyj \/ ONM Alg\u00e9rie&nbsp;&raquo;<\/span><\/a><\/p>\n","protected":false},"author":1,"featured_media":0,"parent":0,"menu_order":0,"comment_status":"closed","ping_status":"closed","template":"","meta":[],"_links":{"self":[{"href":"https:\/\/serwis.fr\/index.php\/wp-json\/wp\/v2\/pages\/1344"}],"collection":[{"href":"https:\/\/serwis.fr\/index.php\/wp-json\/wp\/v2\/pages"}],"about":[{"href":"https:\/\/serwis.fr\/index.php\/wp-json\/wp\/v2\/types\/page"}],"author":[{"embeddable":true,"href":"https:\/\/serwis.fr\/index.php\/wp-json\/wp\/v2\/users\/1"}],"replies":[{"embeddable":true,"href":"https:\/\/serwis.fr\/index.php\/wp-json\/wp\/v2\/comments?post=1344"}],"version-history":[{"count":14,"href":"https:\/\/serwis.fr\/index.php\/wp-json\/wp\/v2\/pages\/1344\/revisions"}],"predecessor-version":[{"id":1889,"href":"https:\/\/serwis.fr\/index.php\/wp-json\/wp\/v2\/pages\/1344\/revisions\/1889"}],"wp:attachment":[{"href":"https:\/\/serwis.fr\/index.php\/wp-json\/wp\/v2\/media?parent=1344"}],"curies":[{"name":"wp","href":"https:\/\/api.w.org\/{rel}","templated":true}]}}