{"id":1372,"date":"2019-04-05T17:54:46","date_gmt":"2019-04-05T16:54:46","guid":{"rendered":"http:\/\/serwis.fr\/?page_id=1372"},"modified":"2023-12-13T18:42:27","modified_gmt":"2023-12-13T17:42:27","slug":"2018-vaisala-vinci","status":"publish","type":"page","link":"https:\/\/serwis.fr\/index.php\/2018-vaisala-vinci\/","title":{"rendered":"2018 &#8211; 2023 &#8211; Vaisala Oyj \/ Vinci \/ Autoroute ESCOTA"},"content":{"rendered":"<div id=\"pl-gb1372-6a090a8ec2249\"  class=\"panel-layout\" ><div id=\"pg-gb1372-6a090a8ec2249-0\"  class=\"panel-grid panel-no-style\" ><div id=\"pgc-gb1372-6a090a8ec2249-0-0\"  class=\"panel-grid-cell\" ><div id=\"panel-gb1372-6a090a8ec2249-0-0-0\" class=\"so-panel widget widget_shortcodes-ultimate shortcodes-ultimate panel-first-child panel-last-child\" data-index=\"0\" ><div class=\"textwidget\"><div id=\"su_slider_6a090a8ec2f90\" class=\"su-slider su-slider-centered su-slider-pages-yes su-slider-responsive-no\" style=\"width:300px;height:420px\" data-autoplay=\"3000\" data-speed=\"600\" data-mousewheel=\"true\"><div class=\"su-slider-slides\"><div class=\"su-slider-slide\"><a><img decoding=\"async\" src=\"https:\/\/serwis.fr\/wp-content\/uploads\/2022\/01\/20210608_190627-1-300x420.jpg\" alt=\"20210608_190627\" \/><\/a><\/div><div class=\"su-slider-slide\"><a><img decoding=\"async\" src=\"https:\/\/serwis.fr\/wp-content\/uploads\/2022\/01\/20211125_141415-1-300x420.jpg\" alt=\"20211125_141415\" \/><\/a><\/div><div class=\"su-slider-slide\"><a><img decoding=\"async\" src=\"https:\/\/serwis.fr\/wp-content\/uploads\/2022\/01\/20211026_175901-1-300x420.jpg\" alt=\"20211026_175901\" \/><\/a><\/div><div class=\"su-slider-slide\"><a><img decoding=\"async\" src=\"https:\/\/serwis.fr\/wp-content\/uploads\/2022\/01\/20210804_130857-1-300x420.jpg\" alt=\"20210804_130857\" \/><\/a><\/div><div class=\"su-slider-slide\"><a><img decoding=\"async\" src=\"https:\/\/serwis.fr\/wp-content\/uploads\/2020\/03\/20191105_173141-scaled.jpg\" alt=\"20191105_173141\" \/><\/a><\/div><div class=\"su-slider-slide\"><a><img decoding=\"async\" src=\"https:\/\/serwis.fr\/wp-content\/uploads\/2020\/03\/20191115_145420-scaled.jpg\" alt=\"20191115_145420\" \/><\/a><\/div><\/div><div class=\"su-slider-nav\"><div class=\"su-slider-direction\"><span class=\"su-slider-prev\"><\/span><span class=\"su-slider-next\"><\/span><\/div><div class=\"su-slider-pagination\"><\/div><\/div><\/div><\/div><\/div><\/div><div id=\"pgc-gb1372-6a090a8ec2249-0-1\"  class=\"panel-grid-cell\" ><div id=\"panel-gb1372-6a090a8ec2249-0-1-0\" class=\"so-panel widget widget_sow-editor panel-first-child panel-last-child\" data-index=\"1\" ><div\n\t\t\t\n\t\t\tclass=\"so-widget-sow-editor so-widget-sow-editor-base\"\n\t\t\t\n\t\t>\n<div class=\"siteorigin-widget-tinymce textwidget\">\n\t<div class=\"su-spacer\" style=\"height:50px\"><\/div>\n<ul>\n<li style=\"text-align: left;\"><em><u>Projet <\/u><\/em>:<br \/>\n21 stations de m\u00e9t\u00e9orologie routi\u00e8re RWS200 de type intrusif d\u00e9ploy\u00e9es sur le r\u00e9seau autoroutier ESCOTA<\/li>\n<li><em><u>Application<\/u><\/em> : <span style=\"color: #000000;\"><br \/>\nSurveillance<\/span> de l&rsquo;\u00e9tat de surface de la chauss\u00e9e et mesure de la hauteur de neige<\/li>\n<li><em><u>Services<\/u><\/em> :<br \/>\nInstallation, param\u00e9trage de la centrale d&rsquo;acquisition de donn\u00e9es, tests d&rsquo;acceptation sur site, formation des exploitants<\/li>\n<\/ul>\n<\/div>\n<\/div><\/div><\/div><\/div><\/div>\n\n\n<p><\/p>\n","protected":false},"excerpt":{"rendered":"<p>Projet : 21 stations de m\u00e9t\u00e9orologie routi\u00e8re RWS200 de type intrusif d\u00e9ploy\u00e9es sur le r\u00e9seau autoroutier ESCOTA Application : Surveillance de l&rsquo;\u00e9tat de surface de la chauss\u00e9e et mesure de la hauteur de neige Services : Installation, param\u00e9trage de la centrale d&rsquo;acquisition de donn\u00e9es, tests d&rsquo;acceptation sur site, formation des exploitants<\/p>\n","protected":false},"author":1,"featured_media":0,"parent":0,"menu_order":0,"comment_status":"closed","ping_status":"closed","template":"","meta":[],"_links":{"self":[{"href":"https:\/\/serwis.fr\/index.php\/wp-json\/wp\/v2\/pages\/1372"}],"collection":[{"href":"https:\/\/serwis.fr\/index.php\/wp-json\/wp\/v2\/pages"}],"about":[{"href":"https:\/\/serwis.fr\/index.php\/wp-json\/wp\/v2\/types\/page"}],"author":[{"embeddable":true,"href":"https:\/\/serwis.fr\/index.php\/wp-json\/wp\/v2\/users\/1"}],"replies":[{"embeddable":true,"href":"https:\/\/serwis.fr\/index.php\/wp-json\/wp\/v2\/comments?post=1372"}],"version-history":[{"count":21,"href":"https:\/\/serwis.fr\/index.php\/wp-json\/wp\/v2\/pages\/1372\/revisions"}],"predecessor-version":[{"id":2474,"href":"https:\/\/serwis.fr\/index.php\/wp-json\/wp\/v2\/pages\/1372\/revisions\/2474"}],"wp:attachment":[{"href":"https:\/\/serwis.fr\/index.php\/wp-json\/wp\/v2\/media?parent=1372"}],"curies":[{"name":"wp","href":"https:\/\/api.w.org\/{rel}","templated":true}]}}