{"id":1875,"date":"2019-10-17T12:16:40","date_gmt":"2019-10-17T11:16:40","guid":{"rendered":"http:\/\/serwis.fr\/?page_id=1875"},"modified":"2019-10-18T16:39:39","modified_gmt":"2019-10-18T15:39:39","slug":"2019-vaisala-oyj-onera-toulouse","status":"publish","type":"page","link":"https:\/\/serwis.fr\/index.php\/2019-vaisala-oyj-onera-toulouse\/","title":{"rendered":"2019 &#8211; Vaisala Oyj \/ ONERA Toulouse"},"content":{"rendered":"<div id=\"pl-gb1875-69f2585dc9576\"  class=\"panel-layout\" ><div id=\"pg-gb1875-69f2585dc9576-0\"  class=\"panel-grid panel-no-style\" ><div id=\"pgc-gb1875-69f2585dc9576-0-0\"  class=\"panel-grid-cell\" ><div id=\"panel-gb1875-69f2585dc9576-0-0-0\" class=\"so-panel widget widget_sow-image panel-first-child panel-last-child\" data-index=\"0\" ><div\n\t\t\t\n\t\t\tclass=\"so-widget-sow-image so-widget-sow-image-default-d6014b76747a-1875\"\n\t\t\t\n\t\t>\n\n<div class=\"sow-image-container\">\n\t\t<img decoding=\"async\" src=\"https:\/\/serwis.fr\/wp-content\/uploads\/2019\/10\/20191007_142133_2.jpg\" width=\"3024\" height=\"3253\" srcset=\"https:\/\/serwis.fr\/wp-content\/uploads\/2019\/10\/20191007_142133_2.jpg 3024w, https:\/\/serwis.fr\/wp-content\/uploads\/2019\/10\/20191007_142133_2-279x300.jpg 279w, https:\/\/serwis.fr\/wp-content\/uploads\/2019\/10\/20191007_142133_2-768x826.jpg 768w, https:\/\/serwis.fr\/wp-content\/uploads\/2019\/10\/20191007_142133_2-952x1024.jpg 952w\" sizes=\"(max-width: 767px) 89vw, (max-width: 1000px) 54vw, (max-width: 1071px) 543px, 580px\" alt=\"\" loading=\"lazy\" \t\tclass=\"so-widget-image\"\/>\n\t<\/div>\n\n<\/div><\/div><\/div><div id=\"pgc-gb1875-69f2585dc9576-0-1\"  class=\"panel-grid-cell\" ><div id=\"panel-gb1875-69f2585dc9576-0-1-0\" class=\"so-panel widget widget_sow-editor panel-first-child panel-last-child\" data-index=\"1\" ><div\n\t\t\t\n\t\t\tclass=\"so-widget-sow-editor so-widget-sow-editor-base\"\n\t\t\t\n\t\t>\n<div class=\"siteorigin-widget-tinymce textwidget\">\n\t<div class=\"su-spacer\" style=\"height:25px\"><\/div>\n<ul>\n<li style=\"text-align: justify;\"><em><u>Projet <\/u><\/em>:<br \/>\nT\u00e9l\u00e9m\u00e8tre de nuages CL51 et logiciels d&rsquo;acquisition et de traitement des couches nuageuses et de la couche limite atmosph\u00e9rique<\/li>\n<li style=\"text-align: justify;\"><em><u>Application <\/u><\/em>:<br \/>\nRecherche<\/li>\n<li style=\"text-align: justify;\"><em><u>Services <\/u><\/em>:<br \/>\nInstallation, param\u00e9trage des logiciels et formation des exploitants<\/li>\n<\/ul>\n<\/div>\n<\/div><\/div><\/div><\/div><\/div>","protected":false},"excerpt":{"rendered":"<p>Projet : T\u00e9l\u00e9m\u00e8tre de nuages CL51 et logiciels d&rsquo;acquisition et de traitement des couches nuageuses et de la couche limite atmosph\u00e9rique Application : Recherche Services : Installation, param\u00e9trage des logiciels et formation des exploitants<\/p>\n","protected":false},"author":1,"featured_media":0,"parent":0,"menu_order":0,"comment_status":"closed","ping_status":"closed","template":"","meta":[],"_links":{"self":[{"href":"https:\/\/serwis.fr\/index.php\/wp-json\/wp\/v2\/pages\/1875"}],"collection":[{"href":"https:\/\/serwis.fr\/index.php\/wp-json\/wp\/v2\/pages"}],"about":[{"href":"https:\/\/serwis.fr\/index.php\/wp-json\/wp\/v2\/types\/page"}],"author":[{"embeddable":true,"href":"https:\/\/serwis.fr\/index.php\/wp-json\/wp\/v2\/users\/1"}],"replies":[{"embeddable":true,"href":"https:\/\/serwis.fr\/index.php\/wp-json\/wp\/v2\/comments?post=1875"}],"version-history":[{"count":9,"href":"https:\/\/serwis.fr\/index.php\/wp-json\/wp\/v2\/pages\/1875\/revisions"}],"predecessor-version":[{"id":2355,"href":"https:\/\/serwis.fr\/index.php\/wp-json\/wp\/v2\/pages\/1875\/revisions\/2355"}],"wp:attachment":[{"href":"https:\/\/serwis.fr\/index.php\/wp-json\/wp\/v2\/media?parent=1875"}],"curies":[{"name":"wp","href":"https:\/\/api.w.org\/{rel}","templated":true}]}}