{"id":1995,"date":"2020-07-21T12:00:36","date_gmt":"2020-07-21T11:00:36","guid":{"rendered":"http:\/\/serwis.fr\/?page_id=1995"},"modified":"2020-07-21T12:27:28","modified_gmt":"2020-07-21T11:27:28","slug":"2020-total-direct-energie-siemens","status":"publish","type":"page","link":"https:\/\/serwis.fr\/index.php\/2020-total-direct-energie-siemens\/","title":{"rendered":"2020 &#8211; Siemens \/ Total Direct Energie &#8211; Pont sur Sambre"},"content":{"rendered":"<div id=\"pl-gb1995-6a090a711286f\"  class=\"panel-layout\" ><div id=\"pg-gb1995-6a090a711286f-0\"  class=\"panel-grid panel-no-style\" ><div id=\"pgc-gb1995-6a090a711286f-0-0\"  class=\"panel-grid-cell\" ><div id=\"panel-gb1995-6a090a711286f-0-0-0\" class=\"so-panel widget widget_sow-image panel-first-child panel-last-child\" data-index=\"0\" ><div\n\t\t\t\n\t\t\tclass=\"so-widget-sow-image so-widget-sow-image-default-d6014b76747a-1995\"\n\t\t\t\n\t\t>\n\n<div class=\"sow-image-container\">\n\t\t<img decoding=\"async\" src=\"https:\/\/serwis.fr\/wp-content\/uploads\/2020\/07\/20200716_152937-scaled-e1595330237591.jpg\" width=\"720\" height=\"1280\" sizes=\"(max-width: 720px) 100vw, 720px\" title=\"20200716_152937\" alt=\"\" loading=\"lazy\" \t\tclass=\"so-widget-image\"\/>\n\t<\/div>\n\n<\/div><\/div><\/div><div id=\"pgc-gb1995-6a090a711286f-0-1\"  class=\"panel-grid-cell\" ><div id=\"panel-gb1995-6a090a711286f-0-1-0\" class=\"so-panel widget widget_sow-editor panel-first-child panel-last-child\" data-index=\"1\" ><div\n\t\t\t\n\t\t\tclass=\"so-widget-sow-editor so-widget-sow-editor-base\"\n\t\t\t\n\t\t>\n<div class=\"siteorigin-widget-tinymce textwidget\">\n\t<div class=\"su-spacer\" style=\"height:120px\"><\/div>\n<ul>\n<li style=\"text-align: justify;\"><em><u>Projet <\/u><\/em>:<br \/>\nStation m\u00e9t\u00e9orologique WXT532 et HMP155 avec signaux de sortie 4 &#8211; 20 mA<\/li>\n<li style=\"text-align: justify;\"><em><u>Application <\/u><\/em>:<br \/>\nSurveillance des conditions m\u00e9t\u00e9orologiques sur le site<\/li>\n<li style=\"text-align: justify;\"><em><u>Services <\/u><\/em>:<br \/>\nFourniture, installation, param\u00e9trage des \u00e9quipements\u00a0 et formation<\/li>\n<\/ul>\n<\/div>\n<\/div><\/div><\/div><\/div><\/div>\n\n\n<p><\/p>\n","protected":false},"excerpt":{"rendered":"<p>Projet : Station m\u00e9t\u00e9orologique WXT532 et HMP155 avec signaux de sortie 4 &#8211; 20 mA Application : Surveillance des conditions m\u00e9t\u00e9orologiques sur le site Services : Fourniture, installation, param\u00e9trage des \u00e9quipements\u00a0 et formation<\/p>\n","protected":false},"author":1,"featured_media":0,"parent":0,"menu_order":0,"comment_status":"closed","ping_status":"closed","template":"","meta":[],"_links":{"self":[{"href":"https:\/\/serwis.fr\/index.php\/wp-json\/wp\/v2\/pages\/1995"}],"collection":[{"href":"https:\/\/serwis.fr\/index.php\/wp-json\/wp\/v2\/pages"}],"about":[{"href":"https:\/\/serwis.fr\/index.php\/wp-json\/wp\/v2\/types\/page"}],"author":[{"embeddable":true,"href":"https:\/\/serwis.fr\/index.php\/wp-json\/wp\/v2\/users\/1"}],"replies":[{"embeddable":true,"href":"https:\/\/serwis.fr\/index.php\/wp-json\/wp\/v2\/comments?post=1995"}],"version-history":[{"count":8,"href":"https:\/\/serwis.fr\/index.php\/wp-json\/wp\/v2\/pages\/1995\/revisions"}],"predecessor-version":[{"id":2006,"href":"https:\/\/serwis.fr\/index.php\/wp-json\/wp\/v2\/pages\/1995\/revisions\/2006"}],"wp:attachment":[{"href":"https:\/\/serwis.fr\/index.php\/wp-json\/wp\/v2\/media?parent=1995"}],"curies":[{"name":"wp","href":"https:\/\/api.w.org\/{rel}","templated":true}]}}