{"id":2243,"date":"2022-01-06T15:07:22","date_gmt":"2022-01-06T14:07:22","guid":{"rendered":"http:\/\/serwis.fr\/?page_id=2243"},"modified":"2022-01-06T15:59:41","modified_gmt":"2022-01-06T14:59:41","slug":"2021-vaisala-oyj-sanef","status":"publish","type":"page","link":"https:\/\/serwis.fr\/index.php\/2021-vaisala-oyj-sanef\/","title":{"rendered":"2021 &#8211;  Vaisala Oyj \/ SANEF"},"content":{"rendered":"<div id=\"pl-gb2243-6a090a913bff8\"  class=\"panel-layout\" ><div id=\"pg-gb2243-6a090a913bff8-0\"  class=\"panel-grid panel-no-style\" ><div id=\"pgc-gb2243-6a090a913bff8-0-0\"  class=\"panel-grid-cell\" ><div id=\"panel-gb2243-6a090a913bff8-0-0-0\" class=\"so-panel widget widget_shortcodes-ultimate shortcodes-ultimate panel-first-child panel-last-child\" data-index=\"0\" ><h3 class=\"widget-title\">\u00ab\u00a0Super\u00a0\u00bb Station RWS200<\/h3><div class=\"textwidget\"><div id=\"su_slider_6a090a913cec4\" class=\"su-slider su-slider-centered su-slider-pages-yes su-slider-responsive-no\" style=\"width:300px;height:420px\" data-autoplay=\"3000\" data-speed=\"600\" data-mousewheel=\"true\"><div class=\"su-slider-slides\"><div class=\"su-slider-slide\"><a><img decoding=\"async\" src=\"https:\/\/serwis.fr\/wp-content\/uploads\/2022\/01\/20211109_160929-1-300x420.jpg\" alt=\"20211109_160929\" \/><\/a><\/div><div class=\"su-slider-slide\"><a><img decoding=\"async\" src=\"https:\/\/serwis.fr\/wp-content\/uploads\/2022\/01\/20211214_133318-1-300x420.jpg\" alt=\"20211214_133318\" \/><\/a><\/div><div class=\"su-slider-slide\"><a><img decoding=\"async\" src=\"https:\/\/serwis.fr\/wp-content\/uploads\/2022\/01\/20211109_131702-1-300x420.jpg\" alt=\"20211109_131702\" \/><\/a><\/div><div class=\"su-slider-slide\"><a><img decoding=\"async\" src=\"https:\/\/serwis.fr\/wp-content\/uploads\/2022\/01\/20211109_131651-1-300x420.jpg\" alt=\"20211109_131651\" \/><\/a><\/div><\/div><div class=\"su-slider-nav\"><div class=\"su-slider-direction\"><span class=\"su-slider-prev\"><\/span><span class=\"su-slider-next\"><\/span><\/div><div class=\"su-slider-pagination\"><\/div><\/div><\/div>\n<\/div><\/div><\/div><div id=\"pgc-gb2243-6a090a913bff8-0-1\"  class=\"panel-grid-cell\" ><div id=\"panel-gb2243-6a090a913bff8-0-1-0\" class=\"so-panel widget widget_sow-editor panel-first-child panel-last-child\" data-index=\"1\" ><div\n\t\t\t\n\t\t\tclass=\"so-widget-sow-editor so-widget-sow-editor-base\"\n\t\t\t\n\t\t>\n<div class=\"siteorigin-widget-tinymce textwidget\">\n\t<div class=\"su-spacer\" style=\"height:60px\"><\/div>\n<ul>\n<li style=\"text-align: left;\"><em><u>Projet <\/u><\/em>:<br \/>\n\u00ab\u00a0Super\u00a0\u00bb station de m\u00e9t\u00e9orologie routi\u00e8re RWS200 de type intrusif install\u00e9e sur le r\u00e9seau autoroutier SANEF<\/li>\n<li><em><u>Equipements install\u00e9s <\/u><\/em>:<br \/>\nCapteurs non intrusifs DSC211, DST111, capteur de vent WMT700, capteur de temps pr\u00e9sent PWD22, sonde HMP155,\u00a0 cam\u00e9ra Mobotix M16, cam\u00e9ras de comptage Vivacity<br \/>\nCapteurs de chauss\u00e9e de nouvelle g\u00e9n\u00e9ration DRS611 mis en \u0153uvre dans chacune des voies circul\u00e9es<\/li>\n<li><em><u>Application<\/u><\/em> : <span style=\"color: #000000;\"><br \/>\nAide \u00e0 la mod\u00e9lisation de la quantit\u00e9 de sel sur la chauss\u00e9e<\/span><\/li>\n<li><em><u>Services<\/u><\/em> :<br \/>\nGestion du projet, installation et param\u00e9trage de la station<\/li>\n<\/ul>\n<\/div>\n<\/div><\/div><\/div><\/div><\/div>\n\n\n<p><\/p>\n","protected":false},"excerpt":{"rendered":"<p>Projet : \u00ab\u00a0Super\u00a0\u00bb station de m\u00e9t\u00e9orologie routi\u00e8re RWS200 de type intrusif install\u00e9e sur le r\u00e9seau autoroutier SANEF Equipements install\u00e9s : Capteurs non intrusifs DSC211, DST111, capteur de vent WMT700, capteur de temps pr\u00e9sent PWD22, sonde HMP155,\u00a0 cam\u00e9ra Mobotix M16, cam\u00e9ras de comptage Vivacity Capteurs de chauss\u00e9e de nouvelle g\u00e9n\u00e9ration DRS611 mis en \u0153uvre dans chacune &hellip; <\/p>\n<p class=\"link-more\"><a href=\"https:\/\/serwis.fr\/index.php\/2021-vaisala-oyj-sanef\/\" class=\"more-link\">Continuer la lecture<span class=\"screen-reader-text\"> de &laquo;&nbsp;2021 &#8211;  Vaisala Oyj \/ SANEF&nbsp;&raquo;<\/span><\/a><\/p>\n","protected":false},"author":1,"featured_media":0,"parent":0,"menu_order":0,"comment_status":"closed","ping_status":"closed","template":"","meta":[],"_links":{"self":[{"href":"https:\/\/serwis.fr\/index.php\/wp-json\/wp\/v2\/pages\/2243"}],"collection":[{"href":"https:\/\/serwis.fr\/index.php\/wp-json\/wp\/v2\/pages"}],"about":[{"href":"https:\/\/serwis.fr\/index.php\/wp-json\/wp\/v2\/types\/page"}],"author":[{"embeddable":true,"href":"https:\/\/serwis.fr\/index.php\/wp-json\/wp\/v2\/users\/1"}],"replies":[{"embeddable":true,"href":"https:\/\/serwis.fr\/index.php\/wp-json\/wp\/v2\/comments?post=2243"}],"version-history":[{"count":12,"href":"https:\/\/serwis.fr\/index.php\/wp-json\/wp\/v2\/pages\/2243\/revisions"}],"predecessor-version":[{"id":2378,"href":"https:\/\/serwis.fr\/index.php\/wp-json\/wp\/v2\/pages\/2243\/revisions\/2378"}],"wp:attachment":[{"href":"https:\/\/serwis.fr\/index.php\/wp-json\/wp\/v2\/media?parent=2243"}],"curies":[{"name":"wp","href":"https:\/\/api.w.org\/{rel}","templated":true}]}}