{"id":2260,"date":"2022-01-06T16:20:08","date_gmt":"2022-01-06T15:20:08","guid":{"rendered":"http:\/\/serwis.fr\/?page_id=2260"},"modified":"2025-01-02T13:00:51","modified_gmt":"2025-01-02T12:00:51","slug":"les-logiciels","status":"publish","type":"page","link":"https:\/\/serwis.fr\/index.php\/les-logiciels\/","title":{"rendered":"Les logiciels"},"content":{"rendered":"<div id=\"pl-gb2260-69ddde6c178fe\"  class=\"panel-layout\" ><div id=\"pg-gb2260-69ddde6c178fe-0\"  class=\"panel-grid panel-no-style\" ><div id=\"pgc-gb2260-69ddde6c178fe-0-0\"  class=\"panel-grid-cell\" ><div id=\"panel-gb2260-69ddde6c178fe-0-0-0\" class=\"so-panel widget widget_shortcodes-ultimate shortcodes-ultimate panel-first-child panel-last-child\" data-index=\"0\" ><h3 class=\"widget-title\">metDis523<\/h3><div class=\"textwidget\"><div class=\"su-spacer\" style=\"height:22px\"><\/div><div class=\"su-image-carousel  su-image-carousel-crop su-image-carousel-crop-4-3 su-image-carousel-has-outline su-image-carousel-adaptive su-image-carousel-slides-style-default su-image-carousel-controls-style-light su-image-carousel-align-none\" style=\"max-width:100 %\" data-flickity-options='{\"groupCells\":true,\"cellSelector\":\".su-image-carousel-item\",\"adaptiveHeight\":false,\"cellAlign\":\"left\",\"prevNextButtons\":true,\"pageDots\":false,\"autoPlay\":false,\"imagesLoaded\":true,\"contain\":true,\"selectedAttraction\":0.15,\"friction\":1}' id=\"su_image_carousel_69ddde6c1a436\"><div class=\"su-image-carousel-item\"><div class=\"su-image-carousel-item-content\"><img width=\"525\" height=\"291\" src=\"https:\/\/serwis.fr\/wp-content\/uploads\/2025\/01\/recopie-meteo-w-R-1024x567.jpg\" class=\"\" alt=\"\" decoding=\"async\" loading=\"lazy\" srcset=\"https:\/\/serwis.fr\/wp-content\/uploads\/2025\/01\/recopie-meteo-w-R-1024x567.jpg 1024w, https:\/\/serwis.fr\/wp-content\/uploads\/2025\/01\/recopie-meteo-w-R-300x166.jpg 300w, https:\/\/serwis.fr\/wp-content\/uploads\/2025\/01\/recopie-meteo-w-R-768x425.jpg 768w, https:\/\/serwis.fr\/wp-content\/uploads\/2025\/01\/recopie-meteo-w-R.jpg 1383w\" sizes=\"100vw\" \/><\/div><\/div><div class=\"su-image-carousel-item\"><div class=\"su-image-carousel-item-content\"><img width=\"525\" height=\"292\" src=\"https:\/\/serwis.fr\/wp-content\/uploads\/2025\/01\/recopie-config-w-R-1024x569.jpg\" class=\"\" alt=\"\" decoding=\"async\" loading=\"lazy\" srcset=\"https:\/\/serwis.fr\/wp-content\/uploads\/2025\/01\/recopie-config-w-R-1024x569.jpg 1024w, https:\/\/serwis.fr\/wp-content\/uploads\/2025\/01\/recopie-config-w-R-300x167.jpg 300w, https:\/\/serwis.fr\/wp-content\/uploads\/2025\/01\/recopie-config-w-R-768x427.jpg 768w, https:\/\/serwis.fr\/wp-content\/uploads\/2025\/01\/recopie-config-w-R.jpg 1383w\" sizes=\"100vw\" \/><\/div><\/div><div class=\"su-image-carousel-item\"><div class=\"su-image-carousel-item-content\"><img width=\"525\" height=\"420\" src=\"https:\/\/serwis.fr\/wp-content\/uploads\/2025\/01\/Test_image3-1024x819.jpeg\" class=\"\" alt=\"\" decoding=\"async\" loading=\"lazy\" srcset=\"https:\/\/serwis.fr\/wp-content\/uploads\/2025\/01\/Test_image3-1024x819.jpeg 1024w, https:\/\/serwis.fr\/wp-content\/uploads\/2025\/01\/Test_image3-300x240.jpeg 300w, https:\/\/serwis.fr\/wp-content\/uploads\/2025\/01\/Test_image3-768x614.jpeg 768w, https:\/\/serwis.fr\/wp-content\/uploads\/2025\/01\/Test_image3.jpeg 1280w\" sizes=\"100vw\" \/><\/div><\/div><div class=\"su-image-carousel-item\"><div class=\"su-image-carousel-item-content\"><img width=\"525\" height=\"408\" src=\"https:\/\/serwis.fr\/wp-content\/uploads\/2023\/01\/metDIS513_export-1024x796.png\" class=\"\" alt=\"\" decoding=\"async\" loading=\"lazy\" srcset=\"https:\/\/serwis.fr\/wp-content\/uploads\/2023\/01\/metDIS513_export-1024x796.png 1024w, https:\/\/serwis.fr\/wp-content\/uploads\/2023\/01\/metDIS513_export-300x233.png 300w, https:\/\/serwis.fr\/wp-content\/uploads\/2023\/01\/metDIS513_export-768x597.png 768w, https:\/\/serwis.fr\/wp-content\/uploads\/2023\/01\/metDIS513_export.png 1352w\" sizes=\"100vw\" \/><\/div><\/div><\/div><script id=\"su_image_carousel_69ddde6c1a436_script\">if(window.SUImageCarousel){setTimeout(function() {window.SUImageCarousel.initGallery(document.getElementById(\"su_image_carousel_69ddde6c1a436\"))}, 0);}var su_image_carousel_69ddde6c1a436_script=document.getElementById(\"su_image_carousel_69ddde6c1a436_script\");if(su_image_carousel_69ddde6c1a436_script){su_image_carousel_69ddde6c1a436_script.parentNode.removeChild(su_image_carousel_69ddde6c1a436_script);}<\/script><\/div><\/div><\/div><div id=\"pgc-gb2260-69ddde6c178fe-0-1\"  class=\"panel-grid-cell\" ><div id=\"panel-gb2260-69ddde6c178fe-0-1-0\" class=\"so-panel widget widget_sow-editor panel-first-child panel-last-child\" data-index=\"1\" ><div\n\t\t\t\n\t\t\tclass=\"so-widget-sow-editor so-widget-sow-editor-base\"\n\t\t\t\n\t\t>\n<div class=\"siteorigin-widget-tinymce textwidget\">\n\t<p><strong>Logiciel de traitement de donn\u00e9es m\u00e9t\u00e9o :<\/strong><\/p>\n<ul>\n<li style=\"list-style-type: none;\">\n<ul>\n<li>Collecte de donn\u00e9es des transmetteurs m\u00e9t\u00e9o Vaisala s\u00e9rie WXT530<\/li>\n<li>Calcul des valeurs de vent 3s, 2mn et 10 mn<\/li>\n<li>Calcul du point de ros\u00e9e et de la temp\u00e9rature du bulbe humide<\/li>\n<li>Calcul du QFE et du QNH<\/li>\n<li>Affichage des observations sous forme de tableau et de rose des vents<\/li>\n<li>Stockage des donn\u00e9es en base PostgreSQL<\/li>\n<li>Export au format csv et jpg pour les diagrammes polaires de vent<\/li>\n<\/ul>\n<\/li>\n<\/ul>\n<\/div>\n<\/div><\/div><\/div><\/div><div id=\"pg-gb2260-69ddde6c178fe-1\"  class=\"panel-grid panel-no-style\" ><div id=\"pgc-gb2260-69ddde6c178fe-1-0\"  class=\"panel-grid-cell\" ><div id=\"panel-gb2260-69ddde6c178fe-1-0-0\" class=\"so-panel widget widget_shortcodes-ultimate shortcodes-ultimate panel-first-child panel-last-child\" data-index=\"2\" ><h3 class=\"widget-title\">metDIS513<\/h3><div class=\"textwidget\"><div class=\"su-spacer\" style=\"height:22px\"><\/div>\n<div class=\"su-image-carousel  su-image-carousel-has-spacing su-image-carousel-crop su-image-carousel-crop-4-3 su-image-carousel-has-outline su-image-carousel-adaptive su-image-carousel-slides-style-photo su-image-carousel-controls-style-light su-image-carousel-align-none\" style=\"\" data-flickity-options='{\"groupCells\":true,\"cellSelector\":\".su-image-carousel-item\",\"adaptiveHeight\":false,\"cellAlign\":\"left\",\"prevNextButtons\":true,\"pageDots\":true,\"autoPlay\":false,\"imagesLoaded\":true,\"contain\":true,\"selectedAttraction\":0.025,\"friction\":0.28}' id=\"su_image_carousel_69ddde6c1bbc8\"><div class=\"su-image-carousel-item\"><div class=\"su-image-carousel-item-content\"><img width=\"525\" height=\"423\" src=\"https:\/\/serwis.fr\/wp-content\/uploads\/2023\/01\/metDIS513_accueil-1024x826.png\" class=\"\" alt=\"\" decoding=\"async\" loading=\"lazy\" srcset=\"https:\/\/serwis.fr\/wp-content\/uploads\/2023\/01\/metDIS513_accueil-1024x826.png 1024w, https:\/\/serwis.fr\/wp-content\/uploads\/2023\/01\/metDIS513_accueil-300x242.png 300w, https:\/\/serwis.fr\/wp-content\/uploads\/2023\/01\/metDIS513_accueil-768x620.png 768w, https:\/\/serwis.fr\/wp-content\/uploads\/2023\/01\/metDIS513_accueil.png 1300w\" sizes=\"100vw\" \/><\/div><\/div><div class=\"su-image-carousel-item\"><div class=\"su-image-carousel-item-content\"><img width=\"525\" height=\"238\" src=\"https:\/\/serwis.fr\/wp-content\/uploads\/2023\/01\/metDIS513_config-1024x464.png\" class=\"\" alt=\"\" decoding=\"async\" loading=\"lazy\" srcset=\"https:\/\/serwis.fr\/wp-content\/uploads\/2023\/01\/metDIS513_config-1024x464.png 1024w, https:\/\/serwis.fr\/wp-content\/uploads\/2023\/01\/metDIS513_config-300x136.png 300w, https:\/\/serwis.fr\/wp-content\/uploads\/2023\/01\/metDIS513_config-768x348.png 768w, https:\/\/serwis.fr\/wp-content\/uploads\/2023\/01\/metDIS513_config.png 1378w\" sizes=\"100vw\" \/><\/div><\/div><div class=\"su-image-carousel-item\"><div class=\"su-image-carousel-item-content\"><img width=\"525\" height=\"408\" src=\"https:\/\/serwis.fr\/wp-content\/uploads\/2023\/01\/metDIS513_export-1024x796.png\" class=\"\" alt=\"\" decoding=\"async\" loading=\"lazy\" srcset=\"https:\/\/serwis.fr\/wp-content\/uploads\/2023\/01\/metDIS513_export-1024x796.png 1024w, https:\/\/serwis.fr\/wp-content\/uploads\/2023\/01\/metDIS513_export-300x233.png 300w, https:\/\/serwis.fr\/wp-content\/uploads\/2023\/01\/metDIS513_export-768x597.png 768w, https:\/\/serwis.fr\/wp-content\/uploads\/2023\/01\/metDIS513_export.png 1352w\" sizes=\"100vw\" \/><\/div><\/div><\/div><script id=\"su_image_carousel_69ddde6c1bbc8_script\">if(window.SUImageCarousel){setTimeout(function() {window.SUImageCarousel.initGallery(document.getElementById(\"su_image_carousel_69ddde6c1bbc8\"))}, 0);}var su_image_carousel_69ddde6c1bbc8_script=document.getElementById(\"su_image_carousel_69ddde6c1bbc8_script\");if(su_image_carousel_69ddde6c1bbc8_script){su_image_carousel_69ddde6c1bbc8_script.parentNode.removeChild(su_image_carousel_69ddde6c1bbc8_script);}<\/script><\/div><\/div><\/div><div id=\"pgc-gb2260-69ddde6c178fe-1-1\"  class=\"panel-grid-cell\" ><div id=\"panel-gb2260-69ddde6c178fe-1-1-0\" class=\"so-panel widget widget_sow-editor panel-first-child panel-last-child\" data-index=\"3\" ><div\n\t\t\t\n\t\t\tclass=\"so-widget-sow-editor so-widget-sow-editor-base\"\n\t\t\t\n\t\t>\n<div class=\"siteorigin-widget-tinymce textwidget\">\n\t<p><strong>Logiciel de traitement de donn\u00e9es m\u00e9t\u00e9o :<\/strong><\/p>\n<ul>\n<li style=\"list-style-type: none;\">\n<ul>\n<li>Collecte de donn\u00e9es de capteurs m\u00e9t\u00e9o Vaisala (WMT700, HMP155, PTB330)<\/li>\n<li>Calcul des valeurs de vent 3s, 2mn et 10 mn<\/li>\n<li>Calcul du point de ros\u00e9e et de la temp\u00e9rature du bulbe humide<\/li>\n<li>Calcul du QFE et du QNH<\/li>\n<li>Affichage des observations sous forme de tableau et de rose des vents<\/li>\n<li>Stockage des donn\u00e9es en base PostgreSQL et export au format csv<\/li>\n<\/ul>\n<\/li>\n<\/ul>\n<p>&nbsp;<\/p>\n<p>Possibilit\u00e9 de prise en charge d&rsquo;autres capteurs num\u00e9riques<\/p>\n<p>&nbsp;<\/p>\n<p>&nbsp;<\/p>\n<\/div>\n<\/div><\/div><\/div><\/div><div id=\"pg-gb2260-69ddde6c178fe-2\"  class=\"panel-grid panel-no-style\" ><div id=\"pgc-gb2260-69ddde6c178fe-2-0\"  class=\"panel-grid-cell\" ><div id=\"panel-gb2260-69ddde6c178fe-2-0-0\" class=\"so-panel widget widget_shortcodes-ultimate shortcodes-ultimate panel-first-child panel-last-child\" data-index=\"4\" ><h3 class=\"widget-title\">EFMacD<\/h3><div class=\"textwidget\"><div class=\"su-spacer\" style=\"height:22px\"><\/div>\n<div class=\"su-image-carousel  su-image-carousel-has-spacing su-image-carousel-crop su-image-carousel-crop-16-9 su-image-carousel-has-outline su-image-carousel-adaptive su-image-carousel-slides-style-photo su-image-carousel-controls-style-light su-image-carousel-align-none\" style=\"\" data-flickity-options='{\"groupCells\":true,\"cellSelector\":\".su-image-carousel-item\",\"adaptiveHeight\":false,\"cellAlign\":\"left\",\"prevNextButtons\":true,\"pageDots\":true,\"autoPlay\":false,\"imagesLoaded\":true,\"contain\":true,\"selectedAttraction\":0.025,\"friction\":0.28}' id=\"su_image_carousel_69ddde6c1d3d3\"><div class=\"su-image-carousel-item\"><div class=\"su-image-carousel-item-content\"><img width=\"525\" height=\"292\" src=\"https:\/\/serwis.fr\/wp-content\/uploads\/2022\/01\/Ecran-PC-1024x570.jpg\" class=\"\" alt=\"\" decoding=\"async\" loading=\"lazy\" srcset=\"https:\/\/serwis.fr\/wp-content\/uploads\/2022\/01\/Ecran-PC-1024x570.jpg 1024w, https:\/\/serwis.fr\/wp-content\/uploads\/2022\/01\/Ecran-PC-300x167.jpg 300w, https:\/\/serwis.fr\/wp-content\/uploads\/2022\/01\/Ecran-PC-768x427.jpg 768w, https:\/\/serwis.fr\/wp-content\/uploads\/2022\/01\/Ecran-PC-1536x855.jpg 1536w, https:\/\/serwis.fr\/wp-content\/uploads\/2022\/01\/Ecran-PC-2048x1140.jpg 2048w\" sizes=\"100vw\" \/><\/div><\/div><div class=\"su-image-carousel-item\"><div class=\"su-image-carousel-item-content\"><img width=\"525\" height=\"295\" src=\"https:\/\/serwis.fr\/wp-content\/uploads\/2022\/01\/Capture-decran-2021-11-16-211244-1024x576.jpg\" class=\"\" alt=\"\" decoding=\"async\" loading=\"lazy\" srcset=\"https:\/\/serwis.fr\/wp-content\/uploads\/2022\/01\/Capture-decran-2021-11-16-211244-1024x576.jpg 1024w, https:\/\/serwis.fr\/wp-content\/uploads\/2022\/01\/Capture-decran-2021-11-16-211244-300x169.jpg 300w, https:\/\/serwis.fr\/wp-content\/uploads\/2022\/01\/Capture-decran-2021-11-16-211244-768x432.jpg 768w, https:\/\/serwis.fr\/wp-content\/uploads\/2022\/01\/Capture-decran-2021-11-16-211244-1536x864.jpg 1536w, https:\/\/serwis.fr\/wp-content\/uploads\/2022\/01\/Capture-decran-2021-11-16-211244.jpg 1920w\" sizes=\"100vw\" \/><\/div><\/div><div class=\"su-image-carousel-item\"><div class=\"su-image-carousel-item-content\"><img width=\"525\" height=\"295\" src=\"https:\/\/serwis.fr\/wp-content\/uploads\/2022\/01\/Capture-decran-2021-11-16-210726-1024x576.jpg\" class=\"\" alt=\"\" decoding=\"async\" loading=\"lazy\" srcset=\"https:\/\/serwis.fr\/wp-content\/uploads\/2022\/01\/Capture-decran-2021-11-16-210726-1024x576.jpg 1024w, https:\/\/serwis.fr\/wp-content\/uploads\/2022\/01\/Capture-decran-2021-11-16-210726-300x169.jpg 300w, https:\/\/serwis.fr\/wp-content\/uploads\/2022\/01\/Capture-decran-2021-11-16-210726-768x432.jpg 768w, https:\/\/serwis.fr\/wp-content\/uploads\/2022\/01\/Capture-decran-2021-11-16-210726-1536x864.jpg 1536w, https:\/\/serwis.fr\/wp-content\/uploads\/2022\/01\/Capture-decran-2021-11-16-210726.jpg 1920w\" sizes=\"100vw\" \/><\/div><\/div><div class=\"su-image-carousel-item\"><div class=\"su-image-carousel-item-content\"><img width=\"525\" height=\"295\" src=\"https:\/\/serwis.fr\/wp-content\/uploads\/2022\/01\/Capture-decran-2021-11-16-210656-1024x576.jpg\" class=\"\" alt=\"\" decoding=\"async\" loading=\"lazy\" srcset=\"https:\/\/serwis.fr\/wp-content\/uploads\/2022\/01\/Capture-decran-2021-11-16-210656-1024x576.jpg 1024w, https:\/\/serwis.fr\/wp-content\/uploads\/2022\/01\/Capture-decran-2021-11-16-210656-300x169.jpg 300w, https:\/\/serwis.fr\/wp-content\/uploads\/2022\/01\/Capture-decran-2021-11-16-210656-768x432.jpg 768w, https:\/\/serwis.fr\/wp-content\/uploads\/2022\/01\/Capture-decran-2021-11-16-210656-1536x864.jpg 1536w, https:\/\/serwis.fr\/wp-content\/uploads\/2022\/01\/Capture-decran-2021-11-16-210656.jpg 1920w\" sizes=\"100vw\" \/><\/div><\/div><div class=\"su-image-carousel-item\"><div class=\"su-image-carousel-item-content\"><img width=\"525\" height=\"295\" src=\"https:\/\/serwis.fr\/wp-content\/uploads\/2022\/01\/Capture-decran-2021-11-16-212502-1024x576.jpg\" class=\"\" alt=\"\" decoding=\"async\" loading=\"lazy\" srcset=\"https:\/\/serwis.fr\/wp-content\/uploads\/2022\/01\/Capture-decran-2021-11-16-212502-1024x576.jpg 1024w, https:\/\/serwis.fr\/wp-content\/uploads\/2022\/01\/Capture-decran-2021-11-16-212502-300x169.jpg 300w, https:\/\/serwis.fr\/wp-content\/uploads\/2022\/01\/Capture-decran-2021-11-16-212502-768x432.jpg 768w, https:\/\/serwis.fr\/wp-content\/uploads\/2022\/01\/Capture-decran-2021-11-16-212502-1536x864.jpg 1536w, https:\/\/serwis.fr\/wp-content\/uploads\/2022\/01\/Capture-decran-2021-11-16-212502.jpg 1920w\" sizes=\"100vw\" \/><\/div><\/div><\/div><script id=\"su_image_carousel_69ddde6c1d3d3_script\">if(window.SUImageCarousel){setTimeout(function() {window.SUImageCarousel.initGallery(document.getElementById(\"su_image_carousel_69ddde6c1d3d3\"))}, 0);}var su_image_carousel_69ddde6c1d3d3_script=document.getElementById(\"su_image_carousel_69ddde6c1d3d3_script\");if(su_image_carousel_69ddde6c1d3d3_script){su_image_carousel_69ddde6c1d3d3_script.parentNode.removeChild(su_image_carousel_69ddde6c1d3d3_script);}<\/script><\/div><\/div><\/div><div id=\"pgc-gb2260-69ddde6c178fe-2-1\"  class=\"panel-grid-cell\" ><div id=\"panel-gb2260-69ddde6c178fe-2-1-0\" class=\"so-panel widget widget_sow-editor panel-first-child panel-last-child\" data-index=\"5\" ><div\n\t\t\t\n\t\t\tclass=\"so-widget-sow-editor so-widget-sow-editor-base\"\n\t\t\t\n\t\t>\n<div class=\"siteorigin-widget-tinymce textwidget\">\n\t<p><strong>Logiciel de d\u00e9tection d&rsquo;orages :<\/strong><\/p>\n<ul>\n<li style=\"list-style-type: none;\">\n<ul>\n<li>Collecte de donn\u00e9es de moulins \u00e0 champ \u00e9lectrostatique<\/li>\n<li>Traitement des valeurs de champ<\/li>\n<li>Elaboration d\u2019alertes<\/li>\n<li>Pilotage de cartes relais pour contr\u00f4le de dispositifs \u00e0 partir de contacts secs<\/li>\n<\/ul>\n<\/li>\n<\/ul>\n<p>&nbsp;<\/p>\n<p>Pour t\u00e9l\u00e9charger la brochure, cliquer sur <a href=\"http:\/\/serwis.fr\/wp-content\/uploads\/2022\/01\/Brochure-SerWIS-eFMacD_v1.pdf\">Brochure SerWIS eFMacD_v1<\/a><\/p>\n<\/div>\n<\/div><\/div><\/div><\/div><div id=\"pg-gb2260-69ddde6c178fe-3\"  class=\"panel-grid panel-no-style\" ><div id=\"pgc-gb2260-69ddde6c178fe-3-0\"  class=\"panel-grid-cell\" ><div id=\"panel-gb2260-69ddde6c178fe-3-0-0\" class=\"so-panel widget widget_shortcodes-ultimate shortcodes-ultimate panel-first-child panel-last-child\" data-index=\"6\" ><h3 class=\"widget-title\">Visibility<\/h3><div class=\"textwidget\"><div class=\"su-spacer\" style=\"height:22px\"><\/div>\n<div class=\"su-image-carousel  su-image-carousel-has-spacing su-image-carousel-crop su-image-carousel-crop-16-9 su-image-carousel-has-outline su-image-carousel-adaptive su-image-carousel-slides-style-photo su-image-carousel-controls-style-light su-image-carousel-align-none\" style=\"\" data-flickity-options='{\"groupCells\":true,\"cellSelector\":\".su-image-carousel-item\",\"adaptiveHeight\":false,\"cellAlign\":\"left\",\"prevNextButtons\":true,\"pageDots\":true,\"autoPlay\":false,\"imagesLoaded\":true,\"contain\":true,\"selectedAttraction\":0.025,\"friction\":0.28}' id=\"su_image_carousel_69ddde6c1e4e2\"><div class=\"su-image-carousel-item\"><div class=\"su-image-carousel-item-content\"><img width=\"525\" height=\"287\" src=\"https:\/\/serwis.fr\/wp-content\/uploads\/2021\/10\/Ecran-principal_red.jpg\" class=\"\" alt=\"\" decoding=\"async\" loading=\"lazy\" srcset=\"https:\/\/serwis.fr\/wp-content\/uploads\/2021\/10\/Ecran-principal_red.jpg 640w, https:\/\/serwis.fr\/wp-content\/uploads\/2021\/10\/Ecran-principal_red-300x164.jpg 300w\" sizes=\"100vw\" \/><\/div><\/div><div class=\"su-image-carousel-item\"><div class=\"su-image-carousel-item-content\"><img width=\"525\" height=\"286\" src=\"https:\/\/serwis.fr\/wp-content\/uploads\/2021\/10\/Ecran-de-configuration_web_red.jpg\" class=\"\" alt=\"\" decoding=\"async\" loading=\"lazy\" srcset=\"https:\/\/serwis.fr\/wp-content\/uploads\/2021\/10\/Ecran-de-configuration_web_red.jpg 640w, https:\/\/serwis.fr\/wp-content\/uploads\/2021\/10\/Ecran-de-configuration_web_red-300x164.jpg 300w\" sizes=\"100vw\" \/><\/div><\/div><\/div><script id=\"su_image_carousel_69ddde6c1e4e2_script\">if(window.SUImageCarousel){setTimeout(function() {window.SUImageCarousel.initGallery(document.getElementById(\"su_image_carousel_69ddde6c1e4e2\"))}, 0);}var su_image_carousel_69ddde6c1e4e2_script=document.getElementById(\"su_image_carousel_69ddde6c1e4e2_script\");if(su_image_carousel_69ddde6c1e4e2_script){su_image_carousel_69ddde6c1e4e2_script.parentNode.removeChild(su_image_carousel_69ddde6c1e4e2_script);}<\/script><\/div><\/div><\/div><div id=\"pgc-gb2260-69ddde6c178fe-3-1\"  class=\"panel-grid-cell\" ><div id=\"panel-gb2260-69ddde6c178fe-3-1-0\" class=\"so-panel widget widget_sow-editor panel-first-child panel-last-child\" data-index=\"7\" ><div\n\t\t\t\n\t\t\tclass=\"so-widget-sow-editor so-widget-sow-editor-base\"\n\t\t\t\n\t\t>\n<div class=\"siteorigin-widget-tinymce textwidget\">\n\t<p><strong>Logiciel d&rsquo;affichage des donn\u00e9es de capteurs de temps pr\u00e9sent<\/strong><\/p>\n<ul>\n<li style=\"list-style-type: none;\">\n<ul>\n<li>Acquisition des donn\u00e9es du capteur de temps pr\u00e9sent<\/li>\n<li>Affichage des observations<\/li>\n<li>Stockage en base PostgreSQL<\/li>\n<li>Acquisitions d&rsquo;images pour lev\u00e9e de doute<\/li>\n<\/ul>\n<\/li>\n<\/ul>\n<p>&nbsp;<\/p>\n<p>Cliquer <a href=\"http:\/\/serwis.fr\/index.php\/2021-neovaly\/\">ici<\/a> pour un exemple de mise en \u0153uvre avec un capteur FD70P<\/p>\n<\/div>\n<\/div><\/div><\/div><\/div><\/div>\n\n\n<p><\/p>\n","protected":false},"excerpt":{"rendered":"<p>Logiciel de traitement de donn\u00e9es m\u00e9t\u00e9o : Collecte de donn\u00e9es des transmetteurs m\u00e9t\u00e9o Vaisala s\u00e9rie WXT530 Calcul des valeurs de vent 3s, 2mn et 10 mn Calcul du point de ros\u00e9e et de la temp\u00e9rature du bulbe humide Calcul du QFE et du QNH Affichage des observations sous forme de tableau et de rose des &hellip; <\/p>\n<p class=\"link-more\"><a href=\"https:\/\/serwis.fr\/index.php\/les-logiciels\/\" class=\"more-link\">Continuer la lecture<span class=\"screen-reader-text\"> de &laquo;&nbsp;Les logiciels&nbsp;&raquo;<\/span><\/a><\/p>\n","protected":false},"author":1,"featured_media":0,"parent":0,"menu_order":0,"comment_status":"closed","ping_status":"closed","template":"","meta":[],"_links":{"self":[{"href":"https:\/\/serwis.fr\/index.php\/wp-json\/wp\/v2\/pages\/2260"}],"collection":[{"href":"https:\/\/serwis.fr\/index.php\/wp-json\/wp\/v2\/pages"}],"about":[{"href":"https:\/\/serwis.fr\/index.php\/wp-json\/wp\/v2\/types\/page"}],"author":[{"embeddable":true,"href":"https:\/\/serwis.fr\/index.php\/wp-json\/wp\/v2\/users\/1"}],"replies":[{"embeddable":true,"href":"https:\/\/serwis.fr\/index.php\/wp-json\/wp\/v2\/comments?post=2260"}],"version-history":[{"count":26,"href":"https:\/\/serwis.fr\/index.php\/wp-json\/wp\/v2\/pages\/2260\/revisions"}],"predecessor-version":[{"id":2546,"href":"https:\/\/serwis.fr\/index.php\/wp-json\/wp\/v2\/pages\/2260\/revisions\/2546"}],"wp:attachment":[{"href":"https:\/\/serwis.fr\/index.php\/wp-json\/wp\/v2\/media?parent=2260"}],"curies":[{"name":"wp","href":"https:\/\/api.w.org\/{rel}","templated":true}]}}