{"id":2416,"date":"2023-01-14T18:22:54","date_gmt":"2023-01-14T17:22:54","guid":{"rendered":"http:\/\/serwis.fr\/?page_id=2416"},"modified":"2023-01-14T19:08:35","modified_gmt":"2023-01-14T18:08:35","slug":"2022-clemessy-aprr-a79","status":"publish","type":"page","link":"https:\/\/serwis.fr\/index.php\/2022-clemessy-aprr-a79\/","title":{"rendered":"2022 &#8211; Clemessy \/ APRR A79"},"content":{"rendered":"<div id=\"pl-gb2416-69f3510a4ee58\"  class=\"panel-layout\" ><div id=\"pg-gb2416-69f3510a4ee58-0\"  class=\"panel-grid panel-no-style\" ><div id=\"pgc-gb2416-69f3510a4ee58-0-0\"  class=\"panel-grid-cell panel-grid-cell-empty\" ><\/div><div id=\"pgc-gb2416-69f3510a4ee58-0-1\"  class=\"panel-grid-cell\" ><div id=\"panel-gb2416-69f3510a4ee58-0-1-0\" class=\"so-panel widget widget_sow-editor panel-first-child panel-last-child\" data-index=\"0\" ><div\n\t\t\t\n\t\t\tclass=\"so-widget-sow-editor so-widget-sow-editor-base\"\n\t\t\t\n\t\t>\n<div class=\"siteorigin-widget-tinymce textwidget\">\n\t<\/div>\n<\/div><\/div><\/div><\/div><\/div>\n\n<div id=\"pl-gb2416-69f3510a515e3\"  class=\"panel-layout\" ><div id=\"pg-gb2416-69f3510a515e3-0\"  class=\"panel-grid panel-no-style\" ><div id=\"pgc-gb2416-69f3510a515e3-0-0\"  class=\"panel-grid-cell\" ><div id=\"panel-gb2416-69f3510a515e3-0-0-0\" class=\"so-panel widget widget_shortcodes-ultimate shortcodes-ultimate panel-first-child panel-last-child\" data-index=\"0\" ><h3 class=\"widget-title\">Stations RWS200 et transmetteurs m\u00e9t\u00e9o WXT536<\/h3><div class=\"textwidget\"><div class=\"su-image-carousel  su-image-carousel-has-spacing su-image-carousel-crop su-image-carousel-crop-9-16 su-image-carousel-has-outline su-image-carousel-adaptive su-image-carousel-slides-style-photo su-image-carousel-controls-style-light su-image-carousel-align-none\" style=\"\" data-flickity-options='{\"groupCells\":true,\"cellSelector\":\".su-image-carousel-item\",\"adaptiveHeight\":false,\"cellAlign\":\"left\",\"prevNextButtons\":true,\"pageDots\":true,\"autoPlay\":3000,\"imagesLoaded\":true,\"contain\":true,\"selectedAttraction\":0.025,\"friction\":0.28}' id=\"su_image_carousel_69f3510a530e9\"><div class=\"su-image-carousel-item\"><div class=\"su-image-carousel-item-content\"><img width=\"525\" height=\"700\" src=\"https:\/\/serwis.fr\/wp-content\/uploads\/2023\/01\/20220629_131354-768x1024.jpg\" class=\"\" alt=\"\" decoding=\"async\" loading=\"lazy\" srcset=\"https:\/\/serwis.fr\/wp-content\/uploads\/2023\/01\/20220629_131354-768x1024.jpg 768w, https:\/\/serwis.fr\/wp-content\/uploads\/2023\/01\/20220629_131354-225x300.jpg 225w, https:\/\/serwis.fr\/wp-content\/uploads\/2023\/01\/20220629_131354-1152x1536.jpg 1152w, https:\/\/serwis.fr\/wp-content\/uploads\/2023\/01\/20220629_131354-1536x2048.jpg 1536w, https:\/\/serwis.fr\/wp-content\/uploads\/2023\/01\/20220629_131354-scaled.jpg 1920w\" sizes=\"100vw\" \/><\/div><\/div><div class=\"su-image-carousel-item\"><div class=\"su-image-carousel-item-content\"><img width=\"525\" height=\"700\" src=\"https:\/\/serwis.fr\/wp-content\/uploads\/2023\/01\/20220629_131402_2-768x1024.jpg\" class=\"\" alt=\"\" decoding=\"async\" loading=\"lazy\" srcset=\"https:\/\/serwis.fr\/wp-content\/uploads\/2023\/01\/20220629_131402_2-768x1024.jpg 768w, https:\/\/serwis.fr\/wp-content\/uploads\/2023\/01\/20220629_131402_2-225x300.jpg 225w, https:\/\/serwis.fr\/wp-content\/uploads\/2023\/01\/20220629_131402_2-1152x1536.jpg 1152w, https:\/\/serwis.fr\/wp-content\/uploads\/2023\/01\/20220629_131402_2-1536x2048.jpg 1536w, https:\/\/serwis.fr\/wp-content\/uploads\/2023\/01\/20220629_131402_2-scaled.jpg 1920w\" sizes=\"100vw\" \/><\/div><\/div><div class=\"su-image-carousel-item\"><div class=\"su-image-carousel-item-content\"><img width=\"525\" height=\"700\" src=\"https:\/\/serwis.fr\/wp-content\/uploads\/2023\/01\/20221124_115756-768x1024.jpg\" class=\"\" alt=\"\" decoding=\"async\" loading=\"lazy\" srcset=\"https:\/\/serwis.fr\/wp-content\/uploads\/2023\/01\/20221124_115756-768x1024.jpg 768w, https:\/\/serwis.fr\/wp-content\/uploads\/2023\/01\/20221124_115756-225x300.jpg 225w, https:\/\/serwis.fr\/wp-content\/uploads\/2023\/01\/20221124_115756-1152x1536.jpg 1152w, https:\/\/serwis.fr\/wp-content\/uploads\/2023\/01\/20221124_115756-1536x2048.jpg 1536w, https:\/\/serwis.fr\/wp-content\/uploads\/2023\/01\/20221124_115756-scaled.jpg 1920w\" sizes=\"100vw\" \/><\/div><\/div><div class=\"su-image-carousel-item\"><div class=\"su-image-carousel-item-content\"><img width=\"525\" height=\"700\" src=\"https:\/\/serwis.fr\/wp-content\/uploads\/2023\/01\/20220629_130914-768x1024.jpg\" class=\"\" alt=\"\" decoding=\"async\" loading=\"lazy\" srcset=\"https:\/\/serwis.fr\/wp-content\/uploads\/2023\/01\/20220629_130914-768x1024.jpg 768w, https:\/\/serwis.fr\/wp-content\/uploads\/2023\/01\/20220629_130914-225x300.jpg 225w, https:\/\/serwis.fr\/wp-content\/uploads\/2023\/01\/20220629_130914-1152x1536.jpg 1152w, https:\/\/serwis.fr\/wp-content\/uploads\/2023\/01\/20220629_130914-1536x2048.jpg 1536w, https:\/\/serwis.fr\/wp-content\/uploads\/2023\/01\/20220629_130914-scaled.jpg 1920w\" sizes=\"100vw\" \/><\/div><\/div><div class=\"su-image-carousel-item\"><div class=\"su-image-carousel-item-content\"><img width=\"525\" height=\"700\" src=\"https:\/\/serwis.fr\/wp-content\/uploads\/2023\/01\/20220629_090359-768x1024.jpg\" class=\"\" alt=\"\" decoding=\"async\" loading=\"lazy\" srcset=\"https:\/\/serwis.fr\/wp-content\/uploads\/2023\/01\/20220629_090359-768x1024.jpg 768w, https:\/\/serwis.fr\/wp-content\/uploads\/2023\/01\/20220629_090359-225x300.jpg 225w, https:\/\/serwis.fr\/wp-content\/uploads\/2023\/01\/20220629_090359-1152x1536.jpg 1152w, https:\/\/serwis.fr\/wp-content\/uploads\/2023\/01\/20220629_090359-1536x2048.jpg 1536w, https:\/\/serwis.fr\/wp-content\/uploads\/2023\/01\/20220629_090359-scaled.jpg 1920w\" sizes=\"100vw\" \/><\/div><\/div><div class=\"su-image-carousel-item\"><div class=\"su-image-carousel-item-content\"><img width=\"525\" height=\"700\" src=\"https:\/\/serwis.fr\/wp-content\/uploads\/2023\/01\/20220629_134725-768x1024.jpg\" class=\"\" alt=\"\" decoding=\"async\" loading=\"lazy\" srcset=\"https:\/\/serwis.fr\/wp-content\/uploads\/2023\/01\/20220629_134725-768x1024.jpg 768w, https:\/\/serwis.fr\/wp-content\/uploads\/2023\/01\/20220629_134725-225x300.jpg 225w, https:\/\/serwis.fr\/wp-content\/uploads\/2023\/01\/20220629_134725-1152x1536.jpg 1152w, https:\/\/serwis.fr\/wp-content\/uploads\/2023\/01\/20220629_134725-1536x2048.jpg 1536w, https:\/\/serwis.fr\/wp-content\/uploads\/2023\/01\/20220629_134725-scaled.jpg 1920w\" sizes=\"100vw\" \/><\/div><\/div><div class=\"su-image-carousel-item\"><div class=\"su-image-carousel-item-content\"><img width=\"525\" height=\"890\" src=\"https:\/\/serwis.fr\/wp-content\/uploads\/2023\/01\/20220829_104541_2-604x1024.jpg\" class=\"\" alt=\"\" decoding=\"async\" loading=\"lazy\" srcset=\"https:\/\/serwis.fr\/wp-content\/uploads\/2023\/01\/20220829_104541_2-604x1024.jpg 604w, https:\/\/serwis.fr\/wp-content\/uploads\/2023\/01\/20220829_104541_2-177x300.jpg 177w, https:\/\/serwis.fr\/wp-content\/uploads\/2023\/01\/20220829_104541_2-768x1302.jpg 768w, https:\/\/serwis.fr\/wp-content\/uploads\/2023\/01\/20220829_104541_2-906x1536.jpg 906w, https:\/\/serwis.fr\/wp-content\/uploads\/2023\/01\/20220829_104541_2.jpg 912w\" sizes=\"100vw\" \/><\/div><\/div><\/div><script id=\"su_image_carousel_69f3510a530e9_script\">if(window.SUImageCarousel){setTimeout(function() {window.SUImageCarousel.initGallery(document.getElementById(\"su_image_carousel_69f3510a530e9\"))}, 0);}var su_image_carousel_69f3510a530e9_script=document.getElementById(\"su_image_carousel_69f3510a530e9_script\");if(su_image_carousel_69f3510a530e9_script){su_image_carousel_69f3510a530e9_script.parentNode.removeChild(su_image_carousel_69f3510a530e9_script);}<\/script><\/div><\/div><\/div><div id=\"pgc-gb2416-69f3510a515e3-0-1\"  class=\"panel-grid-cell\" ><div id=\"panel-gb2416-69f3510a515e3-0-1-0\" class=\"so-panel widget widget_sow-editor panel-first-child panel-last-child\" data-index=\"1\" ><div\n\t\t\t\n\t\t\tclass=\"so-widget-sow-editor so-widget-sow-editor-base\"\n\t\t\t\n\t\t>\n<div class=\"siteorigin-widget-tinymce textwidget\">\n\t<div class=\"su-spacer\" style=\"height:160px\"><\/div>\n<ul>\n<li><em><u>Projet <\/u><\/em>:<br \/>\n3 stations de m\u00e9t\u00e9orologie routi\u00e8re RWS200 de type intrusif et 6 transmetteurs m\u00e9t\u00e9o WXT536\u00a0 d\u00e9ploy\u00e9s sur le r\u00e9seau autoroutier APRR A79<\/li>\n<li><em><u>Application<\/u><\/em>\u00a0:<br \/>\n<span style=\"color: #000000;\">Surveillance<\/span> de l&rsquo;\u00e9tat de surface de la chauss\u00e9e<\/li>\n<li><em><u>Services<\/u><\/em> :<br \/>\nAssistance technique \u00e0 la mise en \u0153uvre des stations, \u00e0 l&rsquo;installation, au param\u00e9trage des syst\u00e8mes et \u00e0 l&rsquo;interrogation des WXT536 en mode Modbus.<br \/>\nR\u00e9alisation et livraison de deux armoires thermostat\u00e9es pour le secours 12 V des stations RWS200<br \/>\nTests d&rsquo;acceptation sur site<\/li>\n<\/ul>\n<\/div>\n<\/div><\/div><\/div><\/div><\/div>","protected":false},"excerpt":{"rendered":"","protected":false},"author":1,"featured_media":0,"parent":0,"menu_order":0,"comment_status":"closed","ping_status":"closed","template":"","meta":[],"_links":{"self":[{"href":"https:\/\/serwis.fr\/index.php\/wp-json\/wp\/v2\/pages\/2416"}],"collection":[{"href":"https:\/\/serwis.fr\/index.php\/wp-json\/wp\/v2\/pages"}],"about":[{"href":"https:\/\/serwis.fr\/index.php\/wp-json\/wp\/v2\/types\/page"}],"author":[{"embeddable":true,"href":"https:\/\/serwis.fr\/index.php\/wp-json\/wp\/v2\/users\/1"}],"replies":[{"embeddable":true,"href":"https:\/\/serwis.fr\/index.php\/wp-json\/wp\/v2\/comments?post=2416"}],"version-history":[{"count":9,"href":"https:\/\/serwis.fr\/index.php\/wp-json\/wp\/v2\/pages\/2416\/revisions"}],"predecessor-version":[{"id":2436,"href":"https:\/\/serwis.fr\/index.php\/wp-json\/wp\/v2\/pages\/2416\/revisions\/2436"}],"wp:attachment":[{"href":"https:\/\/serwis.fr\/index.php\/wp-json\/wp\/v2\/media?parent=2416"}],"curies":[{"name":"wp","href":"https:\/\/api.w.org\/{rel}","templated":true}]}}