{"id":2488,"date":"2024-05-22T13:23:35","date_gmt":"2024-05-22T12:23:35","guid":{"rendered":"http:\/\/serwis.fr\/?page_id=2488"},"modified":"2024-05-24T12:35:14","modified_gmt":"2024-05-24T11:35:14","slug":"2024-france-energies-marines","status":"publish","type":"page","link":"https:\/\/serwis.fr\/index.php\/2024-france-energies-marines\/","title":{"rendered":"2023 &#8211; France Energies Marines"},"content":{"rendered":"<div id=\"pl-2488\"  class=\"panel-layout\" ><div id=\"pg-2488-0\"  class=\"panel-grid panel-no-style\" ><div id=\"pgc-2488-0-0\"  class=\"panel-grid-cell\" ><div id=\"panel-2488-0-0-0\" class=\"so-panel widget widget_sow-image panel-first-child panel-last-child\" data-index=\"0\" ><div\n\t\t\t\n\t\t\tclass=\"so-widget-sow-image so-widget-sow-image-default-d6014b76747a-2488\"\n\t\t\t\n\t\t>\n\n<div class=\"sow-image-container\">\n\t\t<img src=\"https:\/\/serwis.fr\/wp-content\/uploads\/2024\/05\/P1270067-scaled.jpg\" width=\"2560\" height=\"1920\" srcset=\"https:\/\/serwis.fr\/wp-content\/uploads\/2024\/05\/P1270067-scaled.jpg 2560w, https:\/\/serwis.fr\/wp-content\/uploads\/2024\/05\/P1270067-300x225.jpg 300w, https:\/\/serwis.fr\/wp-content\/uploads\/2024\/05\/P1270067-1024x768.jpg 1024w, https:\/\/serwis.fr\/wp-content\/uploads\/2024\/05\/P1270067-768x576.jpg 768w, https:\/\/serwis.fr\/wp-content\/uploads\/2024\/05\/P1270067-1536x1152.jpg 1536w, https:\/\/serwis.fr\/wp-content\/uploads\/2024\/05\/P1270067-2048x1536.jpg 2048w\" sizes=\"(max-width: 767px) 89vw, (max-width: 1000px) 54vw, (max-width: 1071px) 543px, 580px\" title=\"Capteur WMT700\" alt=\"\" loading=\"lazy\" \t\tclass=\"so-widget-image\"\/>\n\t<\/div>\n\n<\/div><\/div><\/div><div id=\"pgc-2488-0-1\"  class=\"panel-grid-cell\" ><div id=\"panel-2488-0-1-0\" class=\"so-panel widget widget_sow-editor panel-first-child panel-last-child\" data-index=\"1\" ><div\n\t\t\t\n\t\t\tclass=\"so-widget-sow-editor so-widget-sow-editor-base\"\n\t\t\t\n\t\t>\n<div class=\"siteorigin-widget-tinymce textwidget\">\n\t<div class=\"su-expand su-expand-collapsed su-expand-link-style-default\" data-height=\"290\"><div class=\"su-expand-content su-u-trim\" style=\"color:#333333;max-height:290px;overflow:hidden\"><\/p>\n<p><em><u>Projet :<br \/>\n<\/u><\/em>Livraison d'un syst\u00e8me de mesure de vitesse et direction du vent\u00a0 et d'un logiciel d'acquisition, de contr\u00f4le et de stockage des donn\u00e9es <span style=\"color: #0000ff;\">Windmast<\/span><\/p>\n<p><em><u>Station \u00e9quip\u00e9e des mat\u00e9riels :<br \/>\n<\/u><\/em><span style=\"font-size: 1rem;\">- 1 capteur vent ultrasonique 3D THIES<br \/>\n<\/span><span style=\"font-size: 1rem;\">- 2 capteurs vent ultrasoniques 2D WMT700<br \/>\n<\/span><span style=\"font-size: 1rem;\">- 1 transmetteur m\u00e9t\u00e9o P, T, U WXT534<br \/>\n- 1 coffret \u00e9lectronique avec PC embarqu\u00e9<\/span><\/p>\n<p><span style=\"text-decoration: underline;\"><em>Application<\/em><\/span> :<br \/>\nMesure de la turbulence du vent \u00e0 diff\u00e9rentes hauteurs sur un m\u00e2t de 60 m au large de F\u00e9camp<\/p>\n<p><em><u>Services<\/u><\/em>\u00a0:<br \/>\nD\u00e9veloppement du logiciel, param\u00e9trage des capteurs, du logiciel et formation des exploitants<\/p>\n<p><\/div><div class=\"su-expand-link su-expand-link-more\" style=\"text-align:left\"><a href=\"javascript:;\" style=\"color:#0088FF;border-color:#0088FF\"><span style=\"border-color:#0088FF\">Plus...<\/span><\/a><\/div><div class=\"su-expand-link su-expand-link-less\" style=\"text-align:left\"><a href=\"javascript:;\" style=\"color:#0088FF;border-color:#0088FF\"><span style=\"border-color:#0088FF\">Moins...<\/span><\/a><\/div><\/div>\n<\/div>\n<\/div><\/div><\/div><\/div><div id=\"pg-2488-1\"  class=\"panel-grid panel-no-style\" ><div id=\"pgc-2488-1-0\"  class=\"panel-grid-cell\" ><div id=\"panel-2488-1-0-0\" class=\"so-panel widget widget_sow-image panel-first-child panel-last-child\" data-index=\"2\" ><div\n\t\t\t\n\t\t\tclass=\"so-widget-sow-image so-widget-sow-image-default-d6014b76747a-2488\"\n\t\t\t\n\t\t>\n<h3 class=\"widget-title\">Interface du Logiciel WindMast<\/h3>\n<div class=\"sow-image-container\">\n\t\t<img src=\"https:\/\/serwis.fr\/wp-content\/uploads\/2024\/05\/Recopie-Windmast.jpg\" width=\"1341\" height=\"623\" srcset=\"https:\/\/serwis.fr\/wp-content\/uploads\/2024\/05\/Recopie-Windmast.jpg 1341w, https:\/\/serwis.fr\/wp-content\/uploads\/2024\/05\/Recopie-Windmast-300x139.jpg 300w, https:\/\/serwis.fr\/wp-content\/uploads\/2024\/05\/Recopie-Windmast-1024x476.jpg 1024w, https:\/\/serwis.fr\/wp-content\/uploads\/2024\/05\/Recopie-Windmast-768x357.jpg 768w\" sizes=\"(max-width: 767px) 89vw, (max-width: 1000px) 54vw, (max-width: 1071px) 543px, 580px\" title=\"Interface du Logiciel WindMast\" alt=\"\" loading=\"lazy\" \t\tclass=\"so-widget-image\"\/>\n\t<\/div>\n\n<\/div><\/div><\/div><\/div><\/div>","protected":false},"excerpt":{"rendered":"<p>Projet : Livraison d&rsquo;un syst\u00e8me de mesure de vitesse et direction du vent\u00a0 et d&rsquo;un logiciel d&rsquo;acquisition, de contr\u00f4le et de stockage des donn\u00e9es Windmast Station \u00e9quip\u00e9e des mat\u00e9riels : &#8211; 1 capteur vent ultrasonique 3D THIES &#8211; 2 capteurs vent ultrasoniques 2D WMT700 &#8211; 1 transmetteur m\u00e9t\u00e9o P, T, U WXT534 &#8211; 1 coffret &hellip; <\/p>\n<p class=\"link-more\"><a href=\"https:\/\/serwis.fr\/index.php\/2024-france-energies-marines\/\" class=\"more-link\">Continuer la lecture<span class=\"screen-reader-text\"> de &laquo;&nbsp;2023 &#8211; France Energies Marines&nbsp;&raquo;<\/span><\/a><\/p>\n","protected":false},"author":1,"featured_media":0,"parent":0,"menu_order":0,"comment_status":"closed","ping_status":"closed","template":"","meta":[],"_links":{"self":[{"href":"https:\/\/serwis.fr\/index.php\/wp-json\/wp\/v2\/pages\/2488"}],"collection":[{"href":"https:\/\/serwis.fr\/index.php\/wp-json\/wp\/v2\/pages"}],"about":[{"href":"https:\/\/serwis.fr\/index.php\/wp-json\/wp\/v2\/types\/page"}],"author":[{"embeddable":true,"href":"https:\/\/serwis.fr\/index.php\/wp-json\/wp\/v2\/users\/1"}],"replies":[{"embeddable":true,"href":"https:\/\/serwis.fr\/index.php\/wp-json\/wp\/v2\/comments?post=2488"}],"version-history":[{"count":33,"href":"https:\/\/serwis.fr\/index.php\/wp-json\/wp\/v2\/pages\/2488\/revisions"}],"predecessor-version":[{"id":2492,"href":"https:\/\/serwis.fr\/index.php\/wp-json\/wp\/v2\/pages\/2488\/revisions\/2492"}],"wp:attachment":[{"href":"https:\/\/serwis.fr\/index.php\/wp-json\/wp\/v2\/media?parent=2488"}],"curies":[{"name":"wp","href":"https:\/\/api.w.org\/{rel}","templated":true}]}}