{"id":280,"date":"2018-01-20T19:34:38","date_gmt":"2018-01-20T18:34:38","guid":{"rendered":"http:\/\/serwis.fr\/?page_id=280"},"modified":"2019-04-07T15:23:20","modified_gmt":"2019-04-07T14:23:20","slug":"notre-offre","status":"publish","type":"page","link":"https:\/\/serwis.fr\/index.php\/notre-offre\/","title":{"rendered":"Notre offre"},"content":{"rendered":"<div id=\"pl-280\"  class=\"panel-layout\" ><div id=\"pg-280-0\"  class=\"panel-grid panel-no-style\" ><div id=\"pgc-280-0-0\"  class=\"panel-grid-cell\" ><div id=\"panel-280-0-0-0\" class=\"so-panel widget widget_shortcodes-ultimate shortcodes-ultimate panel-first-child panel-last-child\" data-index=\"0\" ><div class=\"textwidget\"><span id=\"su_tooltip_69e5a28c1acc8_button\" class=\"su-tooltip-button su-tooltip-button-outline-yes\" aria-describedby=\"su_tooltip_69e5a28c1acc8\" data-settings='{\"position\":\"top\",\"behavior\":\"hover\",\"hideDelay\":0}' tabindex=\"0\"><a href=\"http:\/\/serwis.fr\/index.php\/gestion-de-projets\/\"><img class=\"hvr-grow-shadow\" src=\"http:\/\/serwis.fr\/wp-content\/uploads\/2018\/04\/gears.jpg\" alt=\"\" width=\"216\" height=\"300\" \/><\/a><\/span><span style=\"display:none;z-index:100\" id=\"su_tooltip_69e5a28c1acc8\" class=\"su-tooltip\" role=\"tooltip\"><span class=\"su-tooltip-inner su-tooltip-shadow-no\" style=\"z-index:100;background:#FFFFFF;color:#454545;font-size:16px;border-radius:5px;text-align:left;max-width:300px;line-height:1.25\"><span class=\"su-tooltip-title\"><\/span><span class=\"su-tooltip-content su-u-trim\">Cliquer sur l'image pour plus d'informations...<\/span><\/span><span id=\"su_tooltip_69e5a28c1acc8_arrow\" class=\"su-tooltip-arrow\" style=\"z-index:100;background:#FFFFFF\" data-popper-arrow><\/span><\/span>\n<\/div><\/div><\/div><div id=\"pgc-280-0-1\"  class=\"panel-grid-cell\" ><div id=\"panel-280-0-1-0\" class=\"so-panel widget widget_sow-editor panel-first-child panel-last-child\" data-index=\"1\" ><div\n\t\t\t\n\t\t\tclass=\"so-widget-sow-editor so-widget-sow-editor-base\"\n\t\t\t\n\t\t>\n<div class=\"siteorigin-widget-tinymce textwidget\">\n\t<p><strong>Ma\u00eetrise d\u2019\u0153uvre - Gestion de projets<br \/><\/strong><\/p>\n<ul>\n<li>Assistance \u00e0 la conception des projets<\/li>\n<li>Ex\u00e9cution des travaux<\/li>\n<li>R\u00e9ception des ouvrages<\/li>\n<\/ul>\n<\/div>\n<\/div><\/div><\/div><\/div><div id=\"pg-280-1\"  class=\"panel-grid panel-no-style\" ><div id=\"pgc-280-1-0\"  class=\"panel-grid-cell\" ><div id=\"panel-280-1-0-0\" class=\"so-panel widget widget_shortcodes-ultimate shortcodes-ultimate panel-first-child panel-last-child\" data-index=\"2\" ><div class=\"textwidget\"><span id=\"su_tooltip_69e5a28c209b6_button\" class=\"su-tooltip-button su-tooltip-button-outline-yes\" aria-describedby=\"su_tooltip_69e5a28c209b6\" data-settings='{\"position\":\"top\",\"behavior\":\"hover\",\"hideDelay\":0}' tabindex=\"0\"><a href=\"http:\/\/serwis.fr\/index.php\/services\/\"><img class=\"hvr-grow-shadow\" src=\"http:\/\/serwis.fr\/wp-content\/uploads\/2018\/01\/block-chain-2850276_1280.jpg\" alt=\"\" width=\"216\" height=\"300\" \/><\/a><\/span><span style=\"display:none;z-index:100\" id=\"su_tooltip_69e5a28c209b6\" class=\"su-tooltip\" role=\"tooltip\"><span class=\"su-tooltip-inner su-tooltip-shadow-no\" style=\"z-index:100;background:#FFFFFF;color:#454545;font-size:16px;border-radius:5px;text-align:left;max-width:300px;line-height:1.25\"><span class=\"su-tooltip-title\"><\/span><span class=\"su-tooltip-content su-u-trim\">Cliquer sur l'image pour plus d'informations...<\/span><\/span><span id=\"su_tooltip_69e5a28c209b6_arrow\" class=\"su-tooltip-arrow\" style=\"z-index:100;background:#FFFFFF\" data-popper-arrow><\/span><\/span><\/div><\/div><\/div><div id=\"pgc-280-1-1\"  class=\"panel-grid-cell\" ><div id=\"panel-280-1-1-0\" class=\"so-panel widget widget_sow-editor panel-first-child panel-last-child\" data-index=\"3\" ><div\n\t\t\t\n\t\t\tclass=\"so-widget-sow-editor so-widget-sow-editor-base\"\n\t\t\t\n\t\t>\n<div class=\"siteorigin-widget-tinymce textwidget\">\n\t<p><strong>Services<\/strong><\/p>\n<ul>\n<li>Installation de syst\u00e8mes, maintenances<\/li>\n<li>Etalonnages de capteurs<\/li>\n<\/ul>\n<\/div>\n<\/div><\/div><\/div><\/div><div id=\"pg-280-2\"  class=\"panel-grid panel-no-style\" ><div id=\"pgc-280-2-0\"  class=\"panel-grid-cell\" ><div id=\"panel-280-2-0-0\" class=\"so-panel widget widget_shortcodes-ultimate shortcodes-ultimate panel-first-child panel-last-child\" data-index=\"4\" ><div class=\"textwidget\"><span id=\"su_tooltip_69e5a28c20df6_button\" class=\"su-tooltip-button su-tooltip-button-outline-yes\" aria-describedby=\"su_tooltip_69e5a28c20df6\" data-settings='{\"position\":\"top\",\"behavior\":\"hover\",\"hideDelay\":0}' tabindex=\"0\"><a href=\" http:\/\/serwis.fr\/index.php\/formations\/\"><img class=\"hvr-grow-shadow\" src=\"http:\/\/serwis.fr\/wp-content\/uploads\/2018\/01\/training-1848689_1920.jpg\" alt=\"\" width=\"216\" height=\"300\" \/><\/a><\/span><span style=\"display:none;z-index:100\" id=\"su_tooltip_69e5a28c20df6\" class=\"su-tooltip\" role=\"tooltip\"><span class=\"su-tooltip-inner su-tooltip-shadow-no\" style=\"z-index:100;background:#FFFFFF;color:#454545;font-size:16px;border-radius:5px;text-align:left;max-width:300px;line-height:1.25\"><span class=\"su-tooltip-title\"><\/span><span class=\"su-tooltip-content su-u-trim\">Cliquer sur l'image pour plus d'informations...<\/span><\/span><span id=\"su_tooltip_69e5a28c20df6_arrow\" class=\"su-tooltip-arrow\" style=\"z-index:100;background:#FFFFFF\" data-popper-arrow><\/span><\/span><\/div><\/div><\/div><div id=\"pgc-280-2-1\"  class=\"panel-grid-cell\" ><div id=\"panel-280-2-1-0\" class=\"so-panel widget widget_sow-editor panel-first-child panel-last-child\" data-index=\"5\" ><div\n\t\t\t\n\t\t\tclass=\"so-widget-sow-editor so-widget-sow-editor-base\"\n\t\t\t\n\t\t>\n<div class=\"siteorigin-widget-tinymce textwidget\">\n\t<p><strong>Formations<\/strong> <\/p>\n<ul>\n<li>Exploitation, Services Techniques<\/li>\n<\/ul>\n<\/div>\n<\/div><\/div><\/div><\/div><div id=\"pg-280-3\"  class=\"panel-grid panel-no-style\" ><div id=\"pgc-280-3-0\"  class=\"panel-grid-cell\" ><div id=\"panel-280-3-0-0\" class=\"so-panel widget widget_shortcodes-ultimate shortcodes-ultimate panel-first-child panel-last-child\" data-index=\"6\" ><div class=\"textwidget\"><span id=\"su_tooltip_69e5a28c211d3_button\" class=\"su-tooltip-button su-tooltip-button-outline-yes\" aria-describedby=\"su_tooltip_69e5a28c211d3\" data-settings='{\"position\":\"top\",\"behavior\":\"hover\",\"hideDelay\":0}' tabindex=\"0\"><a href=\"http:\/\/serwis.fr\/index.php\/fourniture-de-materiels-et-de-logiciels\/\"><img class=\"hvr-grow-shadow\" src=\"http:\/\/serwis.fr\/wp-content\/uploads\/2018\/05\/PROD-FS11P-PWD-View-1280x960.jpg\" alt=\"\" width=\"216\" height=\"300\" \/><\/a><\/span><span style=\"display:none;z-index:100\" id=\"su_tooltip_69e5a28c211d3\" class=\"su-tooltip\" role=\"tooltip\"><span class=\"su-tooltip-inner su-tooltip-shadow-no\" style=\"z-index:100;background:#FFFFFF;color:#454545;font-size:16px;border-radius:5px;text-align:left;max-width:300px;line-height:1.25\"><span class=\"su-tooltip-title\"><\/span><span class=\"su-tooltip-content su-u-trim\">Cliquer sur l'image pour plus d'informations...<\/span><\/span><span id=\"su_tooltip_69e5a28c211d3_arrow\" class=\"su-tooltip-arrow\" style=\"z-index:100;background:#FFFFFF\" data-popper-arrow><\/span><\/span><\/div><\/div><\/div><div id=\"pgc-280-3-1\"  class=\"panel-grid-cell\" ><div id=\"panel-280-3-1-0\" class=\"so-panel widget widget_sow-editor panel-first-child panel-last-child\" data-index=\"7\" ><div\n\t\t\t\n\t\t\tclass=\"so-widget-sow-editor so-widget-sow-editor-base\"\n\t\t\t\n\t\t>\n<div class=\"siteorigin-widget-tinymce textwidget\">\n\t<p><strong>Fourniture de mat\u00e9riels et de logiciels<br \/><\/strong><\/p>\n<ul>\n<li>Capteurs, stations m\u00e9t\u00e9orologiques automatiques<\/li>\n<li>\u00c9quipements de communication<\/li>\n<li>Logiciels d'acquisition et de traitement<\/li>\n<\/ul>\n<\/div>\n<\/div><\/div><\/div><\/div><\/div>","protected":false},"excerpt":{"rendered":"<p>Ma\u00eetrise d\u2019\u0153uvre &#8211; Gestion de projets Assistance \u00e0 la conception des projets Ex\u00e9cution des travaux R\u00e9ception des ouvrages Services Installation de syst\u00e8mes, maintenances Etalonnages de capteurs<\/p>\n","protected":false},"author":1,"featured_media":0,"parent":0,"menu_order":0,"comment_status":"closed","ping_status":"closed","template":"","meta":[],"_links":{"self":[{"href":"https:\/\/serwis.fr\/index.php\/wp-json\/wp\/v2\/pages\/280"}],"collection":[{"href":"https:\/\/serwis.fr\/index.php\/wp-json\/wp\/v2\/pages"}],"about":[{"href":"https:\/\/serwis.fr\/index.php\/wp-json\/wp\/v2\/types\/page"}],"author":[{"embeddable":true,"href":"https:\/\/serwis.fr\/index.php\/wp-json\/wp\/v2\/users\/1"}],"replies":[{"embeddable":true,"href":"https:\/\/serwis.fr\/index.php\/wp-json\/wp\/v2\/comments?post=280"}],"version-history":[{"count":163,"href":"https:\/\/serwis.fr\/index.php\/wp-json\/wp\/v2\/pages\/280\/revisions"}],"predecessor-version":[{"id":308,"href":"https:\/\/serwis.fr\/index.php\/wp-json\/wp\/v2\/pages\/280\/revisions\/308"}],"wp:attachment":[{"href":"https:\/\/serwis.fr\/index.php\/wp-json\/wp\/v2\/media?parent=280"}],"curies":[{"name":"wp","href":"https:\/\/api.w.org\/{rel}","templated":true}]}}