{"id":289,"date":"2018-01-20T19:36:31","date_gmt":"2018-01-20T18:36:31","guid":{"rendered":"http:\/\/serwis.fr\/?page_id=289"},"modified":"2020-04-28T19:29:58","modified_gmt":"2020-04-28T18:29:58","slug":"pourquoi-choisir-serwis","status":"publish","type":"page","link":"https:\/\/serwis.fr\/index.php\/pourquoi-choisir-serwis\/","title":{"rendered":"Pourquoi choisir SerWIS?"},"content":{"rendered":"<div id=\"pl-gb289-69f0cf188aa0a\"  class=\"panel-layout\" ><div id=\"pg-gb289-69f0cf188aa0a-0\"  class=\"panel-grid panel-no-style\" ><div id=\"pgc-gb289-69f0cf188aa0a-0-0\"  class=\"panel-grid-cell\" ><div id=\"panel-gb289-69f0cf188aa0a-0-0-0\" class=\"so-panel widget widget_sow-editor panel-first-child panel-last-child\" data-index=\"0\" ><div\n\t\t\t\n\t\t\tclass=\"so-widget-sow-editor so-widget-sow-editor-base\"\n\t\t\t\n\t\t><h3 class=\"widget-title\">En choisissant SERWIS pour r\u00e9aliser vos projets, vous b\u00e9n\u00e9ficiez<\/h3>\n<div class=\"siteorigin-widget-tinymce textwidget\">\n\t<ul>\n<li>D&rsquo;un accompagnement par des experts qui vous apporteront des r\u00e9ponses sur les observations m\u00e9t\u00e9orologiques, les choix d&rsquo;instrumentation et de communication et les syst\u00e8mes informatiques<\/li>\n<li>De mise en place de formations sp\u00e9cifiques adapt\u00e9es avec, selon vos besoins, des modules th\u00e9oriques et des modules pratiques avec manipulation en salle ou sur site sur les mat\u00e9riels ou logiciels<\/li>\n<li>De prestations d&rsquo;installation de nouveaux \u00e9quipements, de maintenances pr\u00e9ventives et correctives avec d\u00e9livrance de rapports d&rsquo;interventions complets incluant la liste des op\u00e9rations d\u00e9taill\u00e9es r\u00e9alis\u00e9es, les contr\u00f4les, tests ainsi que les certificats d&rsquo;\u00e9talonnage des capteurs issus de laboratoires habilit\u00e9s<\/li>\n<li>Et surtout <strong>d&rsquo;une hotline disponible tous les jours ouvrables avec prise en compte rapide de tous les tickets et r\u00e9ponse g\u00e9n\u00e9ralement sous 24 heures<\/strong><\/li>\n<\/ul>\n<\/div>\n<\/div><\/div><\/div><\/div><\/div>","protected":false},"excerpt":{"rendered":"<p>D&rsquo;un accompagnement par des experts qui vous apporteront des r\u00e9ponses sur les observations m\u00e9t\u00e9orologiques, les choix d&rsquo;instrumentation et de communication et les syst\u00e8mes informatiques De mise en place de formations sp\u00e9cifiques adapt\u00e9es avec, selon vos besoins, des modules th\u00e9oriques et des modules pratiques avec manipulation en salle ou sur site sur les mat\u00e9riels ou logiciels &hellip; <\/p>\n<p class=\"link-more\"><a href=\"https:\/\/serwis.fr\/index.php\/pourquoi-choisir-serwis\/\" class=\"more-link\">Continuer la lecture<span class=\"screen-reader-text\"> de &laquo;&nbsp;Pourquoi choisir SerWIS?&nbsp;&raquo;<\/span><\/a><\/p>\n","protected":false},"author":1,"featured_media":0,"parent":0,"menu_order":0,"comment_status":"closed","ping_status":"closed","template":"","meta":[],"_links":{"self":[{"href":"https:\/\/serwis.fr\/index.php\/wp-json\/wp\/v2\/pages\/289"}],"collection":[{"href":"https:\/\/serwis.fr\/index.php\/wp-json\/wp\/v2\/pages"}],"about":[{"href":"https:\/\/serwis.fr\/index.php\/wp-json\/wp\/v2\/types\/page"}],"author":[{"embeddable":true,"href":"https:\/\/serwis.fr\/index.php\/wp-json\/wp\/v2\/users\/1"}],"replies":[{"embeddable":true,"href":"https:\/\/serwis.fr\/index.php\/wp-json\/wp\/v2\/comments?post=289"}],"version-history":[{"count":6,"href":"https:\/\/serwis.fr\/index.php\/wp-json\/wp\/v2\/pages\/289\/revisions"}],"predecessor-version":[{"id":1964,"href":"https:\/\/serwis.fr\/index.php\/wp-json\/wp\/v2\/pages\/289\/revisions\/1964"}],"wp:attachment":[{"href":"https:\/\/serwis.fr\/index.php\/wp-json\/wp\/v2\/media?parent=289"}],"curies":[{"name":"wp","href":"https:\/\/api.w.org\/{rel}","templated":true}]}}