{"id":583,"date":"2018-01-25T10:48:33","date_gmt":"2018-01-25T09:48:33","guid":{"rendered":"http:\/\/serwis.fr\/?page_id=583"},"modified":"2019-04-07T17:37:26","modified_gmt":"2019-04-07T16:37:26","slug":"services","status":"publish","type":"page","link":"https:\/\/serwis.fr\/index.php\/services\/","title":{"rendered":"Services"},"content":{"rendered":"<div id=\"pl-583\"  class=\"panel-layout\" ><div id=\"pg-583-0\"  class=\"panel-grid panel-no-style\" ><div id=\"pgc-583-0-0\"  class=\"panel-grid-cell\" ><div id=\"panel-583-0-0-0\" class=\"so-panel widget widget_sow-image panel-first-child panel-last-child\" data-index=\"0\" ><div\n\t\t\t\n\t\t\tclass=\"so-widget-sow-image so-widget-sow-image-default-d6014b76747a-583\"\n\t\t\t\n\t\t>\n\n<div class=\"sow-image-container\">\n\t\t<img src=\"https:\/\/serwis.fr\/wp-content\/uploads\/2018\/01\/block-chain-2850276_1280.jpg\" width=\"1280\" height=\"850\" srcset=\"https:\/\/serwis.fr\/wp-content\/uploads\/2018\/01\/block-chain-2850276_1280.jpg 1280w, https:\/\/serwis.fr\/wp-content\/uploads\/2018\/01\/block-chain-2850276_1280-300x199.jpg 300w, https:\/\/serwis.fr\/wp-content\/uploads\/2018\/01\/block-chain-2850276_1280-768x510.jpg 768w, https:\/\/serwis.fr\/wp-content\/uploads\/2018\/01\/block-chain-2850276_1280-1024x680.jpg 1024w, https:\/\/serwis.fr\/wp-content\/uploads\/2018\/01\/block-chain-2850276_1280-272x182.jpg 272w\" sizes=\"(max-width: 767px) 89vw, (max-width: 1000px) 54vw, (max-width: 1071px) 543px, 580px\" alt=\"\" loading=\"lazy\" \t\tclass=\"so-widget-image\"\/>\n\t<\/div>\n\n<\/div><\/div><\/div><div id=\"pgc-583-0-1\"  class=\"panel-grid-cell\" ><div id=\"panel-583-0-1-0\" class=\"so-panel widget widget_shortcodes-ultimate shortcodes-ultimate panel-first-child panel-last-child\" data-index=\"1\" ><div class=\"textwidget\"><div class=\"su-spacer\" style=\"height:8px\"><\/div><ul>\n<li style=\"text-align: justify;\">\nSerWIS propose diff\u00e9rentes prestations de service : <br><br>\n -  Installation des \u00e9quipements et mise en ordre de marche <br>\n - Modernisation des installations existantes <br>\n - Maintenances pr\u00e9ventives <br>\n -  Maintenances correctives <br>\n<\/li>\n<\/ul>\n\n\n<\/div><\/div><\/div><\/div><div id=\"pg-583-1\"  class=\"panel-grid panel-no-style\" ><div id=\"pgc-583-1-0\"  class=\"panel-grid-cell\" ><div id=\"panel-583-1-0-0\" class=\"so-panel widget widget_shortcodes-ultimate shortcodes-ultimate panel-first-child panel-last-child\" data-index=\"2\" ><h3 class=\"widget-title\">Contr\u00f4les sur site<\/h3><div class=\"textwidget\"><div id=\"su_slider_69e5a4c3b422e\" class=\"su-slider su-slider-centered su-slider-pages-yes su-slider-responsive-yes\" style=\"width:100%\" data-autoplay=\"3000\" data-speed=\"600\" data-mousewheel=\"true\"><div class=\"su-slider-slides\"><div class=\"su-slider-slide\"><a><img src=\"https:\/\/serwis.fr\/wp-content\/uploads\/2018\/04\/2017-07-28-11.57.14-320x340.jpg\" alt=\"2017-07-28 11.57.14\" \/><\/a><\/div><div class=\"su-slider-slide\"><a><img src=\"https:\/\/serwis.fr\/wp-content\/uploads\/2018\/04\/Kit-v\u00e9rifier-320x340.jpg\" alt=\"Kit v\u00e9rifier\" \/><\/a><\/div><div class=\"su-slider-slide\"><a><img src=\"https:\/\/serwis.fr\/wp-content\/uploads\/2018\/04\/Kit-LM21-320x340.jpg\" alt=\"Kit LM21\" \/><\/a><\/div><div class=\"su-slider-slide\"><a><img src=\"https:\/\/serwis.fr\/wp-content\/uploads\/2018\/04\/\u00e9talonnage-PWD12-320x340.jpg\" alt=\"\u00e9talonnage PWD12\" \/><\/a><\/div><div class=\"su-slider-slide\"><a><img src=\"https:\/\/serwis.fr\/wp-content\/uploads\/2018\/01\/20171102_104417_2-320x340.jpg\" alt=\"20171102_104417_2\" \/><\/a><\/div><\/div><div class=\"su-slider-nav\"><div class=\"su-slider-direction\"><span class=\"su-slider-prev\"><\/span><span class=\"su-slider-next\"><\/span><\/div><div class=\"su-slider-pagination\"><\/div><\/div><\/div><\/div><\/div><\/div><div id=\"pgc-583-1-1\"  class=\"panel-grid-cell\" ><div id=\"panel-583-1-1-0\" class=\"so-panel widget widget_shortcodes-ultimate shortcodes-ultimate panel-first-child panel-last-child\" data-index=\"3\" ><div class=\"textwidget\"><div class=\"su-spacer\" style=\"height:80px\"><\/div>\n<ul>\n<li style=\"text-align: justify;\">\n<p>Les r\u00e9-\u00e9talonnages de capteurs sont syst\u00e9matiquement r\u00e9alis\u00e9s selon les pr\u00e9conisations du fabricant lors des op\u00e9rations de maintenance . <\/p>\n<p>Les instruments optiques sont v\u00e9rifi\u00e9s in situ \u00e0 l'aide de kits de calibration sp\u00e9cifiques.<\/p>\nTout nouveau mat\u00e9riel install\u00e9 sur une station est contr\u00f4l\u00e9 \u00e0 l'aide d'un capteur de r\u00e9f\u00e9rence.\n<\/li>\n<\/ul><\/div><\/div><\/div><\/div><div id=\"pg-583-2\"  class=\"panel-grid panel-no-style\" ><div id=\"pgc-583-2-0\"  class=\"panel-grid-cell\" ><div id=\"panel-583-2-0-0\" class=\"so-panel widget widget_sow-editor panel-first-child panel-last-child\" data-index=\"4\" ><div\n\t\t\t\n\t\t\tclass=\"so-widget-sow-editor so-widget-sow-editor-base\"\n\t\t\t\n\t\t><h3 class=\"widget-title\">Contr\u00f4les en laboratoire<\/h3>\n<div class=\"siteorigin-widget-tinymce textwidget\">\n\t<p><img decoding=\"async\" loading=\"lazy\" class=\"alignnone size-medium wp-image-859\" src=\"http:\/\/serwis.fr\/wp-content\/uploads\/2018\/04\/science-research-lab-microscope_925x-300x200.jpg\" alt=\"\" width=\"300\" height=\"200\" srcset=\"https:\/\/serwis.fr\/wp-content\/uploads\/2018\/04\/science-research-lab-microscope_925x-300x200.jpg 300w, https:\/\/serwis.fr\/wp-content\/uploads\/2018\/04\/science-research-lab-microscope_925x-768x512.jpg 768w, https:\/\/serwis.fr\/wp-content\/uploads\/2018\/04\/science-research-lab-microscope_925x-272x182.jpg 272w, https:\/\/serwis.fr\/wp-content\/uploads\/2018\/04\/science-research-lab-microscope_925x.jpg 925w\" sizes=\"(max-width: 300px) 100vw, 300px\" \/><\/p>\n<\/div>\n<\/div><\/div><\/div><div id=\"pgc-583-2-1\"  class=\"panel-grid-cell\" ><div id=\"panel-583-2-1-0\" class=\"so-panel widget widget_shortcodes-ultimate shortcodes-ultimate panel-first-child panel-last-child\" data-index=\"5\" ><div class=\"textwidget\"><div class=\"su-spacer\" style=\"height:60px\"><\/div>\n<ul>\n<li style=\"text-align: justify;\">\n<p>Les sondes d'humidit\u00e9 et de pression sont r\u00e9-\u00e9talonn\u00e9s dans un laboratoire habilit\u00e9 qui offre un environnement parfaitement contr\u00f4l\u00e9 . <\/p>\nSi les capteurs ne peuvent pas \u00eatre r\u00e9-\u00e9talonn\u00e9es, ils sont remplac\u00e9s par des \u00e9l\u00e9ments neufs.\n<\/li>\n<\/ul><\/div><\/div><\/div><\/div><\/div>","protected":false},"excerpt":{"rendered":"<p>SerWIS propose diff\u00e9rentes prestations de service : &#8211; Installation des \u00e9quipements et mise en ordre de marche &#8211; Modernisation des installations existantes &#8211; Maintenances pr\u00e9ventives &#8211; Maintenances correctives Contr\u00f4les sur site Les r\u00e9-\u00e9talonnages de capteurs sont syst\u00e9matiquement r\u00e9alis\u00e9s selon les pr\u00e9conisations du fabricant lors des op\u00e9rations de maintenance . Les instruments optiques sont v\u00e9rifi\u00e9s in &hellip; <\/p>\n<p class=\"link-more\"><a href=\"https:\/\/serwis.fr\/index.php\/services\/\" class=\"more-link\">Continuer la lecture<span class=\"screen-reader-text\"> de &laquo;&nbsp;Services&nbsp;&raquo;<\/span><\/a><\/p>\n","protected":false},"author":1,"featured_media":0,"parent":0,"menu_order":0,"comment_status":"closed","ping_status":"closed","template":"","meta":[],"_links":{"self":[{"href":"https:\/\/serwis.fr\/index.php\/wp-json\/wp\/v2\/pages\/583"}],"collection":[{"href":"https:\/\/serwis.fr\/index.php\/wp-json\/wp\/v2\/pages"}],"about":[{"href":"https:\/\/serwis.fr\/index.php\/wp-json\/wp\/v2\/types\/page"}],"author":[{"embeddable":true,"href":"https:\/\/serwis.fr\/index.php\/wp-json\/wp\/v2\/users\/1"}],"replies":[{"embeddable":true,"href":"https:\/\/serwis.fr\/index.php\/wp-json\/wp\/v2\/comments?post=583"}],"version-history":[{"count":146,"href":"https:\/\/serwis.fr\/index.php\/wp-json\/wp\/v2\/pages\/583\/revisions"}],"predecessor-version":[{"id":1624,"href":"https:\/\/serwis.fr\/index.php\/wp-json\/wp\/v2\/pages\/583\/revisions\/1624"}],"wp:attachment":[{"href":"https:\/\/serwis.fr\/index.php\/wp-json\/wp\/v2\/media?parent=583"}],"curies":[{"name":"wp","href":"https:\/\/api.w.org\/{rel}","templated":true}]}}