{"id":640,"date":"2018-04-11T17:08:54","date_gmt":"2018-04-11T16:08:54","guid":{"rendered":"http:\/\/serwis.fr\/?page_id=640"},"modified":"2019-04-09T22:10:27","modified_gmt":"2019-04-09T21:10:27","slug":"formations","status":"publish","type":"page","link":"https:\/\/serwis.fr\/index.php\/formations\/","title":{"rendered":"Formations"},"content":{"rendered":"<div id=\"pl-640\"  class=\"panel-layout\" ><div id=\"pg-640-0\"  class=\"panel-grid panel-no-style\" ><div id=\"pgc-640-0-0\"  class=\"panel-grid-cell\" ><div id=\"panel-640-0-0-0\" class=\"so-panel widget widget_sow-image panel-first-child panel-last-child\" data-index=\"0\" ><div\n\t\t\t\n\t\t\tclass=\"so-widget-sow-image so-widget-sow-image-default-d6014b76747a-640\"\n\t\t\t\n\t\t>\n\n<div class=\"sow-image-container\">\n\t\t<img src=\"https:\/\/serwis.fr\/wp-content\/uploads\/2018\/01\/training-1848689_1920.jpg\" width=\"1920\" height=\"855\" srcset=\"https:\/\/serwis.fr\/wp-content\/uploads\/2018\/01\/training-1848689_1920.jpg 1920w, https:\/\/serwis.fr\/wp-content\/uploads\/2018\/01\/training-1848689_1920-300x134.jpg 300w, https:\/\/serwis.fr\/wp-content\/uploads\/2018\/01\/training-1848689_1920-768x342.jpg 768w, https:\/\/serwis.fr\/wp-content\/uploads\/2018\/01\/training-1848689_1920-1024x456.jpg 1024w\" sizes=\"(max-width: 767px) 89vw, (max-width: 1000px) 54vw, (max-width: 1071px) 543px, 580px\" title=\"test\" alt=\"\" loading=\"lazy\" \t\tclass=\"so-widget-image\"\/>\n\t<\/div>\n\n<\/div><\/div><\/div><div id=\"pgc-640-0-1\"  class=\"panel-grid-cell\" ><div id=\"panel-640-0-1-0\" class=\"so-panel widget widget_shortcodes-ultimate shortcodes-ultimate panel-first-child panel-last-child\" data-index=\"1\" ><div class=\"textwidget\"><ul>\n  <li style=\"text-align: justify;\"> Afin de vous accompagner de la mani\u00e8re la plus efficace dans dans l'utilisation et l'exploitation de vos syst\u00e8mes,  nous vous offrons de nombreux programmes de formation, qui peuvent \u00eatre adapt\u00e9s selon vos besoins.\nUn plan de formation vous est envoy\u00e9 pour accord avant le r\u00e9alisation de la prestation.<\/li>\n<\/ul><\/div><\/div><\/div><\/div><div id=\"pg-640-1\"  class=\"panel-grid panel-no-style\" ><div id=\"pgc-640-1-0\"  class=\"panel-grid-cell\" ><div id=\"panel-640-1-0-0\" class=\"so-panel widget widget_sow-editor panel-first-child panel-last-child\" data-index=\"2\" ><div class=\"panel-widget-style panel-widget-style-for-640-1-0-0\" ><div\n\t\t\t\n\t\t\tclass=\"so-widget-sow-editor so-widget-sow-editor-base\"\n\t\t\t\n\t\t><h3 class=\"widget-title\">Principes de base en m\u00e9t\u00e9orologie<\/h3>\n<div class=\"siteorigin-widget-tinymce textwidget\">\n\t<p><img decoding=\"async\" loading=\"lazy\" class=\"alignnone size-medium wp-image-870\" src=\"http:\/\/serwis.fr\/wp-content\/uploads\/2018\/05\/businessman-607831_1920-300x300.png\" alt=\"\" width=\"300\" height=\"300\" srcset=\"https:\/\/serwis.fr\/wp-content\/uploads\/2018\/05\/businessman-607831_1920-300x300.png 300w, https:\/\/serwis.fr\/wp-content\/uploads\/2018\/05\/businessman-607831_1920-150x150.png 150w, https:\/\/serwis.fr\/wp-content\/uploads\/2018\/05\/businessman-607831_1920-768x768.png 768w, https:\/\/serwis.fr\/wp-content\/uploads\/2018\/05\/businessman-607831_1920-1024x1024.png 1024w, https:\/\/serwis.fr\/wp-content\/uploads\/2018\/05\/businessman-607831_1920-100x100.png 100w, https:\/\/serwis.fr\/wp-content\/uploads\/2018\/05\/businessman-607831_1920.png 1920w\" sizes=\"(max-width: 300px) 100vw, 300px\" \/><\/p>\n<\/div>\n<\/div><\/div><\/div><\/div><div id=\"pgc-640-1-1\"  class=\"panel-grid-cell\" ><div id=\"panel-640-1-1-0\" class=\"so-panel widget widget_shortcodes-ultimate shortcodes-ultimate panel-first-child panel-last-child\" data-index=\"3\" ><div class=\"textwidget\"><div class=\"su-spacer\" style=\"height:120px\"><\/div><ul>\n<br>\n  <li style=\"text-align: justify;\"> Pour les utilisateurs qui d\u00e9couvrent les mesures d'observations atmosph\u00e9riques ou routi\u00e8res, SerWIS propose une formation sur les principes de base en m\u00e9t\u00e9orologie.<\/ul><\/div><\/div><\/div><\/div><div id=\"pg-640-2\"  class=\"panel-grid panel-no-style\" ><div id=\"pgc-640-2-0\"  class=\"panel-grid-cell\" ><div id=\"panel-640-2-0-0\" class=\"so-panel widget widget_sow-image panel-first-child panel-last-child\" data-index=\"4\" ><div\n\t\t\t\n\t\t\tclass=\"so-widget-sow-image so-widget-sow-image-default-d6014b76747a-640\"\n\t\t\t\n\t\t>\n<h3 class=\"widget-title\">Installation, Utilisation et Maintenance<\/h3>\n<div class=\"sow-image-container\">\n\t\t<img src=\"https:\/\/serwis.fr\/wp-content\/uploads\/2018\/05\/question-mark-1020165_1920.jpg\" width=\"1920\" height=\"1920\" srcset=\"https:\/\/serwis.fr\/wp-content\/uploads\/2018\/05\/question-mark-1020165_1920.jpg 1920w, https:\/\/serwis.fr\/wp-content\/uploads\/2018\/05\/question-mark-1020165_1920-150x150.jpg 150w, https:\/\/serwis.fr\/wp-content\/uploads\/2018\/05\/question-mark-1020165_1920-300x300.jpg 300w, https:\/\/serwis.fr\/wp-content\/uploads\/2018\/05\/question-mark-1020165_1920-768x768.jpg 768w, https:\/\/serwis.fr\/wp-content\/uploads\/2018\/05\/question-mark-1020165_1920-1024x1024.jpg 1024w, https:\/\/serwis.fr\/wp-content\/uploads\/2018\/05\/question-mark-1020165_1920-100x100.jpg 100w\" sizes=\"(max-width: 767px) 89vw, (max-width: 1000px) 54vw, (max-width: 1071px) 543px, 580px\" title=\"Installation, Utilisation et Maintenance\" alt=\"\" loading=\"lazy\" \t\tclass=\"so-widget-image\"\/>\n\t<\/div>\n\n<\/div><\/div><\/div><div id=\"pgc-640-2-1\"  class=\"panel-grid-cell\" ><div id=\"panel-640-2-1-0\" class=\"so-panel widget widget_shortcodes-ultimate shortcodes-ultimate panel-first-child panel-last-child\" data-index=\"5\" ><div class=\"textwidget\"><ul>\n<br>\n  <li style=\"text-align: justify;\">Lors de l'acquisition d'un nouveau capteur ou d'une nouvelle station m\u00e9t\u00e9orologique, SerWIS vous forme aux m\u00e9thodes d'installation, \u00e0 l'utilisation du syst\u00e8me et aux op\u00e9rations de maintenances n\u00e9cessaires pour garantir son fonctionnement op\u00e9rationnel.<\/li>\n  <li style=\"text-align: justify;\">Des sessions de diff\u00e9rents niveaux peuvent \u00eatre organis\u00e9es en fonction des comp\u00e9tences d\u00e9j\u00e0 acquises par votre personnel.<\/li>\n  <li style=\"text-align: justify;\">En r\u00e8gle g\u00e9n\u00e9rale, les formations sont r\u00e9alis\u00e9es en salle avec exercices pratiques sur des \u00e9quipements de d\u00e9monstration qui sont fournis \u00e0 cet effet, suivies d'une visite sur vos installations sur le terrain. <\/li>\n<\/ul><\/div><\/div><\/div><\/div><div id=\"pg-640-3\"  class=\"panel-grid panel-no-style\" ><div id=\"pgc-640-3-0\"  class=\"panel-grid-cell\" ><div id=\"panel-640-3-0-0\" class=\"so-panel widget widget_sow-editor panel-first-child panel-last-child\" data-index=\"6\" ><div\n\t\t\t\n\t\t\tclass=\"so-widget-sow-editor so-widget-sow-editor-base\"\n\t\t\t\n\t\t>\n<div class=\"siteorigin-widget-tinymce textwidget\">\n\t<\/div>\n<\/div><\/div><\/div><\/div><div id=\"pg-640-4\"  class=\"panel-grid panel-no-style\" ><div id=\"pgc-640-4-0\"  class=\"panel-grid-cell\" ><div id=\"panel-640-4-0-0\" class=\"so-panel widget widget_sow-image panel-first-child panel-last-child\" data-index=\"7\" ><div\n\t\t\t\n\t\t\tclass=\"so-widget-sow-image so-widget-sow-image-default-d6014b76747a-640\"\n\t\t\t\n\t\t>\n<h3 class=\"widget-title\">Formation \u00e0 l'utilisation des logiciels<\/h3>\n<div class=\"sow-image-container\">\n\t\t<img src=\"https:\/\/serwis.fr\/wp-content\/uploads\/2018\/05\/john-schnobrich-520022-unsplash.jpg\" width=\"5184\" height=\"3456\" srcset=\"https:\/\/serwis.fr\/wp-content\/uploads\/2018\/05\/john-schnobrich-520022-unsplash.jpg 5184w, https:\/\/serwis.fr\/wp-content\/uploads\/2018\/05\/john-schnobrich-520022-unsplash-300x200.jpg 300w, https:\/\/serwis.fr\/wp-content\/uploads\/2018\/05\/john-schnobrich-520022-unsplash-768x512.jpg 768w, https:\/\/serwis.fr\/wp-content\/uploads\/2018\/05\/john-schnobrich-520022-unsplash-1024x683.jpg 1024w, https:\/\/serwis.fr\/wp-content\/uploads\/2018\/05\/john-schnobrich-520022-unsplash-272x182.jpg 272w\" sizes=\"(max-width: 767px) 89vw, (max-width: 1000px) 54vw, (max-width: 1071px) 543px, 580px\" title=\"Formation \u00e0 l&#039;utilisation des logiciels\" alt=\"\" loading=\"lazy\" \t\tclass=\"so-widget-image\"\/>\n\t<\/div>\n\n<\/div><\/div><\/div><div id=\"pgc-640-4-1\"  class=\"panel-grid-cell\" ><div id=\"panel-640-4-1-0\" class=\"so-panel widget widget_shortcodes-ultimate shortcodes-ultimate panel-first-child panel-last-child\" data-index=\"8\" ><div class=\"textwidget\"><div class=\"su-spacer\" style=\"height:40px\"><\/div><ul>\n<br>\n \t<li style=\"text-align: justify;\">SerWIS propose enfin des formations \u00e0 l'utilisation des logiciels.<\/li>\n \t<li style=\"text-align: justify;\">Ces formations se d\u00e9roulent soit devant le poste sur lequel est install\u00e9e l'application (pour des petits groupes de 2 \u00e0 4 personnes), soit  en salle de r\u00e9union ou en salle informatique dans le cadre de solutions Full Web h\u00e9berg\u00e9es (pour des groupes de 8 \u00e0 10 personnes).<\/li>\n<\/ul><\/div><\/div><\/div><\/div><\/div>","protected":false},"excerpt":{"rendered":"<p>Afin de vous accompagner de la mani\u00e8re la plus efficace dans dans l&rsquo;utilisation et l&rsquo;exploitation de vos syst\u00e8mes, nous vous offrons de nombreux programmes de formation, qui peuvent \u00eatre adapt\u00e9s selon vos besoins. Un plan de formation vous est envoy\u00e9 pour accord avant le r\u00e9alisation de la prestation. Principes de base en m\u00e9t\u00e9orologie Pour les &hellip; <\/p>\n<p class=\"link-more\"><a href=\"https:\/\/serwis.fr\/index.php\/formations\/\" class=\"more-link\">Continuer la lecture<span class=\"screen-reader-text\"> de &laquo;&nbsp;Formations&nbsp;&raquo;<\/span><\/a><\/p>\n","protected":false},"author":1,"featured_media":0,"parent":0,"menu_order":0,"comment_status":"closed","ping_status":"closed","template":"","meta":[],"_links":{"self":[{"href":"https:\/\/serwis.fr\/index.php\/wp-json\/wp\/v2\/pages\/640"}],"collection":[{"href":"https:\/\/serwis.fr\/index.php\/wp-json\/wp\/v2\/pages"}],"about":[{"href":"https:\/\/serwis.fr\/index.php\/wp-json\/wp\/v2\/types\/page"}],"author":[{"embeddable":true,"href":"https:\/\/serwis.fr\/index.php\/wp-json\/wp\/v2\/users\/1"}],"replies":[{"embeddable":true,"href":"https:\/\/serwis.fr\/index.php\/wp-json\/wp\/v2\/comments?post=640"}],"version-history":[{"count":88,"href":"https:\/\/serwis.fr\/index.php\/wp-json\/wp\/v2\/pages\/640\/revisions"}],"predecessor-version":[{"id":1738,"href":"https:\/\/serwis.fr\/index.php\/wp-json\/wp\/v2\/pages\/640\/revisions\/1738"}],"wp:attachment":[{"href":"https:\/\/serwis.fr\/index.php\/wp-json\/wp\/v2\/media?parent=640"}],"curies":[{"name":"wp","href":"https:\/\/api.w.org\/{rel}","templated":true}]}}