{"id":933,"date":"2019-02-13T11:37:53","date_gmt":"2019-02-13T10:37:53","guid":{"rendered":"http:\/\/serwis.fr\/?page_id=933"},"modified":"2019-04-07T20:05:23","modified_gmt":"2019-04-07T19:05:23","slug":"les-stations-automatiques","status":"publish","type":"page","link":"https:\/\/serwis.fr\/index.php\/les-stations-automatiques\/","title":{"rendered":"La station m\u00e9t\u00e9orologique automatique"},"content":{"rendered":"<div\n\t\t\t\n\t\t\tclass=\"so-widget-sow-editor so-widget-sow-editor-base\"\n\t\t\t\n\t\t>\n<div class=\"siteorigin-widget-tinymce textwidget\">\n\t<\/div>\n<\/div>\n\n<div id=\"pl-gb933-69e779be96689\"  class=\"panel-layout class=&quot;hvr-bounce-in&quot;\" ><div id=\"pg-gb933-69e779be96689-0\"  class=\"panel-grid panel-no-style\" ><div id=\"pgc-gb933-69e779be96689-0-0\"  class=\"panel-grid-cell\" ><div id=\"panel-gb933-69e779be96689-0-0-0\" class=\"so-panel widget widget_sow-editor panel-first-child panel-last-child\" data-index=\"0\" ><div\n\t\t\t\n\t\t\tclass=\"so-widget-sow-editor so-widget-sow-editor-base\"\n\t\t\t\n\t\t>\n<div class=\"siteorigin-widget-tinymce textwidget\">\n\t<hr \/>\n<p>Les stations peuvent \u00eatre de type g\u00e9n\u00e9rique ou bien con\u00e7ues pour r\u00e9pondre \u00e0 des domaines d&rsquo;application sp\u00e9cifiques tels que la route, le rail ou les a\u00e9roports.<\/p>\n<hr \/>\n<p>Quelques exemples de stations m\u00e9t\u00e9orologiques automatiques&#8230;<\/p>\n<\/div>\n<\/div><\/div><\/div><\/div><div id=\"pg-gb933-69e779be96689-1\"  class=\"panel-grid panel-no-style\" ><div id=\"pgc-gb933-69e779be96689-1-0\"  class=\"panel-grid-cell\" ><div id=\"panel-gb933-69e779be96689-1-0-0\" class=\"so-panel widget widget_sow-editor panel-first-child panel-last-child\" data-index=\"1\" ><div\n\t\t\t\n\t\t\tclass=\"so-widget-sow-editor so-widget-sow-editor-base\"\n\t\t\t\n\t\t><h3 class=\"widget-title\">Station AWS310<\/h3>\n<div class=\"siteorigin-widget-tinymce textwidget\">\n\t<span id=\"su_tooltip_69e779be96cf2_button\" class=\"su-tooltip-button su-tooltip-button-outline-yes\" aria-describedby=\"su_tooltip_69e779be96cf2\" data-settings='{\"position\":\"bottom\",\"behavior\":\"hover\",\"hideDelay\":0}' tabindex=\"0\"><a href=\"http:\/\/serwis.fr\/index.php\/station-aws310\/\"><img decoding=\"async\" loading=\"lazy\" class=\"hvr-grow-shadow\" src=\"http:\/\/serwis.fr\/wp-content\/uploads\/2019\/04\/20170717_102210_3_ret-216x300.jpg\" alt=\"\" width=\"216\" height=\"300\" \/><\/a><\/span><span style=\"display:none;z-index:100\" id=\"su_tooltip_69e779be96cf2\" class=\"su-tooltip\" role=\"tooltip\"><span class=\"su-tooltip-inner su-tooltip-shadow-no\" style=\"z-index:100;background:#FFFFFF;color:#454545;font-size:16px;border-radius:5px;text-align:left;max-width:300px;line-height:1.25\"><span class=\"su-tooltip-title\"><\/span><span class=\"su-tooltip-content su-u-trim\">Cliquer sur l&rsquo;image pour plus d&rsquo;informations&#8230;<\/span><\/span><span id=\"su_tooltip_69e779be96cf2_arrow\" class=\"su-tooltip-arrow\" style=\"z-index:100;background:#FFFFFF\" data-popper-arrow><\/span><\/span>\n<\/div>\n<\/div><\/div><\/div><div id=\"pgc-gb933-69e779be96689-1-1\"  class=\"panel-grid-cell\" ><div id=\"panel-gb933-69e779be96689-1-1-0\" class=\"so-panel widget widget_sow-editor panel-first-child panel-last-child\" data-index=\"2\" ><div\n\t\t\t\n\t\t\tclass=\"so-widget-sow-editor so-widget-sow-editor-base\"\n\t\t\t\n\t\t><h3 class=\"widget-title\">Station AWS310-site<\/h3>\n<div class=\"siteorigin-widget-tinymce textwidget\">\n\t<span id=\"su_tooltip_69e779be9702a_button\" class=\"su-tooltip-button su-tooltip-button-outline-yes\" aria-describedby=\"su_tooltip_69e779be9702a\" data-settings='{\"position\":\"bottom\",\"behavior\":\"hover\",\"hideDelay\":0}' tabindex=\"0\"><a href=\"http:\/\/serwis.fr\/index.php\/station-aws310-site-pour-aeroports\/\"><img decoding=\"async\" loading=\"lazy\" class=\"hvr-grow-shadow\" src=\"http:\/\/serwis.fr\/wp-content\/uploads\/2019\/02\/2014-04-24-17.38.01-225x300.jpg\" alt=\"\" width=\"225\" height=\"300\" \/><\/a><\/span><span style=\"display:none;z-index:100\" id=\"su_tooltip_69e779be9702a\" class=\"su-tooltip\" role=\"tooltip\"><span class=\"su-tooltip-inner su-tooltip-shadow-no\" style=\"z-index:100;background:#FFFFFF;color:#454545;font-size:16px;border-radius:5px;text-align:left;max-width:300px;line-height:1.25\"><span class=\"su-tooltip-title\"><\/span><span class=\"su-tooltip-content su-u-trim\">Cliquer sur l&rsquo;image pour plus d&rsquo;informations&#8230;<\/span><\/span><span id=\"su_tooltip_69e779be9702a_arrow\" class=\"su-tooltip-arrow\" style=\"z-index:100;background:#FFFFFF\" data-popper-arrow><\/span><\/span>\n<\/div>\n<\/div><\/div><\/div><div id=\"pgc-gb933-69e779be96689-1-2\"  class=\"panel-grid-cell\" ><div id=\"panel-gb933-69e779be96689-1-2-0\" class=\"so-panel widget widget_sow-editor panel-first-child panel-last-child\" data-index=\"3\" ><div\n\t\t\t\n\t\t\tclass=\"so-widget-sow-editor so-widget-sow-editor-base\"\n\t\t\t\n\t\t><h3 class=\"widget-title\">Station RWS200 route<\/h3>\n<div class=\"siteorigin-widget-tinymce textwidget\">\n\t<span id=\"su_tooltip_69e779be98b82_button\" class=\"su-tooltip-button su-tooltip-button-outline-yes\" aria-describedby=\"su_tooltip_69e779be98b82\" data-settings='{\"position\":\"bottom\",\"behavior\":\"hover\",\"hideDelay\":0}' tabindex=\"0\"><a href=\"http:\/\/serwis.fr\/index.php\/station-rws200-route\/\"><img decoding=\"async\" loading=\"lazy\" class=\"hvr-grow-shadow\" src=\"http:\/\/serwis.fr\/wp-content\/uploads\/2019\/02\/2016-11-25-11.06.03-225x300.jpg\" alt=\"\" width=\"225\" height=\"300\" \/><\/a><\/span><span style=\"display:none;z-index:100\" id=\"su_tooltip_69e779be98b82\" class=\"su-tooltip\" role=\"tooltip\"><span class=\"su-tooltip-inner su-tooltip-shadow-no\" style=\"z-index:100;background:#FFFFFF;color:#454545;font-size:16px;border-radius:5px;text-align:left;max-width:300px;line-height:1.25\"><span class=\"su-tooltip-title\"><\/span><span class=\"su-tooltip-content su-u-trim\">Cliquer sur l&rsquo;image pour plus d&rsquo;informations&#8230;<\/span><\/span><span id=\"su_tooltip_69e779be98b82_arrow\" class=\"su-tooltip-arrow\" style=\"z-index:100;background:#FFFFFF\" data-popper-arrow><\/span><\/span>\n<\/div>\n<\/div><\/div><\/div><div id=\"pgc-gb933-69e779be96689-1-3\"  class=\"panel-grid-cell\" ><div id=\"panel-gb933-69e779be96689-1-3-0\" class=\"so-panel widget widget_sow-editor panel-first-child panel-last-child\" data-index=\"4\" ><div\n\t\t\t\n\t\t\tclass=\"so-widget-sow-editor so-widget-sow-editor-base\"\n\t\t\t\n\t\t><h3 class=\"widget-title\">Station RWS200 rail<\/h3>\n<div class=\"siteorigin-widget-tinymce textwidget\">\n\t<span id=\"su_tooltip_69e779be98ecd_button\" class=\"su-tooltip-button su-tooltip-button-outline-yes\" aria-describedby=\"su_tooltip_69e779be98ecd\" data-settings='{\"position\":\"bottom\",\"behavior\":\"hover\",\"hideDelay\":0}' tabindex=\"0\"><a href=\"http:\/\/serwis.fr\/index.php\/station-rws200-rail\/\"><img decoding=\"async\" loading=\"lazy\" class=\"hvr-grow-shadow\" src=\"http:\/\/serwis.fr\/wp-content\/uploads\/2019\/04\/2017-01-18-09.41.03_2-225x300.jpg\" alt=\"\" width=\"225\" height=\"300\" \/><\/a><\/span><span style=\"display:none;z-index:100\" id=\"su_tooltip_69e779be98ecd\" class=\"su-tooltip\" role=\"tooltip\"><span class=\"su-tooltip-inner su-tooltip-shadow-no\" style=\"z-index:100;background:#FFFFFF;color:#454545;font-size:16px;border-radius:5px;text-align:left;max-width:300px;line-height:1.25\"><span class=\"su-tooltip-title\"><\/span><span class=\"su-tooltip-content su-u-trim\">Cliquer sur l&rsquo;image pour plus d&rsquo;informations&#8230;<\/span><\/span><span id=\"su_tooltip_69e779be98ecd_arrow\" class=\"su-tooltip-arrow\" style=\"z-index:100;background:#FFFFFF\" data-popper-arrow><\/span><\/span>\n<\/div>\n<\/div><\/div><\/div><\/div><\/div>\n\n<div id=\"pl-gb933-69e779be9965b\"  class=\"panel-layout\" ><div id=\"pg-gb933-69e779be9965b-0\"  class=\"panel-grid panel-no-style\" ><div id=\"pgc-gb933-69e779be9965b-0-0\"  class=\"panel-grid-cell panel-grid-cell-empty\" ><\/div><div id=\"pgc-gb933-69e779be9965b-0-1\"  class=\"panel-grid-cell panel-grid-cell-empty panel-grid-cell-mobile-last\" ><\/div><div id=\"pgc-gb933-69e779be9965b-0-2\"  class=\"panel-grid-cell panel-grid-cell-empty\" ><\/div><\/div><\/div>\n\n\n<p><\/p>\n","protected":false},"excerpt":{"rendered":"","protected":false},"author":1,"featured_media":0,"parent":0,"menu_order":0,"comment_status":"closed","ping_status":"closed","template":"","meta":[],"_links":{"self":[{"href":"https:\/\/serwis.fr\/index.php\/wp-json\/wp\/v2\/pages\/933"}],"collection":[{"href":"https:\/\/serwis.fr\/index.php\/wp-json\/wp\/v2\/pages"}],"about":[{"href":"https:\/\/serwis.fr\/index.php\/wp-json\/wp\/v2\/types\/page"}],"author":[{"embeddable":true,"href":"https:\/\/serwis.fr\/index.php\/wp-json\/wp\/v2\/users\/1"}],"replies":[{"embeddable":true,"href":"https:\/\/serwis.fr\/index.php\/wp-json\/wp\/v2\/comments?post=933"}],"version-history":[{"count":67,"href":"https:\/\/serwis.fr\/index.php\/wp-json\/wp\/v2\/pages\/933\/revisions"}],"predecessor-version":[{"id":2263,"href":"https:\/\/serwis.fr\/index.php\/wp-json\/wp\/v2\/pages\/933\/revisions\/2263"}],"wp:attachment":[{"href":"https:\/\/serwis.fr\/index.php\/wp-json\/wp\/v2\/media?parent=933"}],"curies":[{"name":"wp","href":"https:\/\/api.w.org\/{rel}","templated":true}]}}