{"id":960,"date":"2019-02-13T12:10:19","date_gmt":"2019-02-13T11:10:19","guid":{"rendered":"http:\/\/serwis.fr\/?page_id=960"},"modified":"2019-04-02T18:46:55","modified_gmt":"2019-04-02T17:46:55","slug":"station-aws310","status":"publish","type":"page","link":"https:\/\/serwis.fr\/index.php\/station-aws310\/","title":{"rendered":"Station AWS310"},"content":{"rendered":"<div id=\"pl-960\"  class=\"panel-layout\" ><div id=\"pg-960-0\"  class=\"panel-grid panel-no-style\" ><div id=\"pgc-960-0-0\"  class=\"panel-grid-cell panel-grid-cell-mobile-last\" ><div id=\"panel-960-0-0-0\" class=\"so-panel widget widget_shortcodes-ultimate shortcodes-ultimate panel-first-child panel-last-child\" data-index=\"0\" ><div class=\"textwidget\"><ul>\n \t<li style=\"text-align: justify;\">Station m\u00e9t\u00e9orologique automatique AWS310 \u00e9quip\u00e9e d'un transmetteur de param\u00e8tres atmosph\u00e9riques WXT536 fournissant les observations de temp\u00e9rature, humidit\u00e9, pression, pr\u00e9cipitations et vent.<\/li>\n<\/ul><\/div><\/div><\/div><div id=\"pgc-960-0-1\"  class=\"panel-grid-cell panel-grid-cell-empty\" ><\/div><\/div><div id=\"pg-960-1\"  class=\"panel-grid panel-no-style\" ><div id=\"pgc-960-1-0\"  class=\"panel-grid-cell\" ><div id=\"panel-960-1-0-0\" class=\"so-panel widget widget_sow-image panel-first-child panel-last-child\" data-index=\"1\" ><div\n\t\t\t\n\t\t\tclass=\"so-widget-sow-image so-widget-sow-image-default-d6014b76747a-960\"\n\t\t\t\n\t\t>\n\n<div class=\"sow-image-container\">\n\t\t<img src=\"https:\/\/serwis.fr\/wp-content\/uploads\/2019\/04\/20170717_102210_3_ret.jpg\" width=\"1152\" height=\"1600\" srcset=\"https:\/\/serwis.fr\/wp-content\/uploads\/2019\/04\/20170717_102210_3_ret.jpg 1152w, https:\/\/serwis.fr\/wp-content\/uploads\/2019\/04\/20170717_102210_3_ret-216x300.jpg 216w, https:\/\/serwis.fr\/wp-content\/uploads\/2019\/04\/20170717_102210_3_ret-768x1067.jpg 768w, https:\/\/serwis.fr\/wp-content\/uploads\/2019\/04\/20170717_102210_3_ret-737x1024.jpg 737w\" sizes=\"(max-width: 767px) 89vw, (max-width: 1000px) 54vw, (max-width: 1071px) 543px, 580px\" title=\"Station AWS310\" alt=\"\" loading=\"lazy\" \t\tclass=\"so-widget-image\"\/>\n\t<\/div>\n\n<\/div><\/div><\/div><\/div><\/div>","protected":false},"excerpt":{"rendered":"<p>Station m\u00e9t\u00e9orologique automatique AWS310 \u00e9quip\u00e9e d&rsquo;un transmetteur de param\u00e8tres atmosph\u00e9riques WXT536 fournissant les observations de temp\u00e9rature, humidit\u00e9, pression, pr\u00e9cipitations et vent.<\/p>\n","protected":false},"author":1,"featured_media":0,"parent":0,"menu_order":0,"comment_status":"closed","ping_status":"closed","template":"","meta":[],"_links":{"self":[{"href":"https:\/\/serwis.fr\/index.php\/wp-json\/wp\/v2\/pages\/960"}],"collection":[{"href":"https:\/\/serwis.fr\/index.php\/wp-json\/wp\/v2\/pages"}],"about":[{"href":"https:\/\/serwis.fr\/index.php\/wp-json\/wp\/v2\/types\/page"}],"author":[{"embeddable":true,"href":"https:\/\/serwis.fr\/index.php\/wp-json\/wp\/v2\/users\/1"}],"replies":[{"embeddable":true,"href":"https:\/\/serwis.fr\/index.php\/wp-json\/wp\/v2\/comments?post=960"}],"version-history":[{"count":43,"href":"https:\/\/serwis.fr\/index.php\/wp-json\/wp\/v2\/pages\/960\/revisions"}],"predecessor-version":[{"id":1191,"href":"https:\/\/serwis.fr\/index.php\/wp-json\/wp\/v2\/pages\/960\/revisions\/1191"}],"wp:attachment":[{"href":"https:\/\/serwis.fr\/index.php\/wp-json\/wp\/v2\/media?parent=960"}],"curies":[{"name":"wp","href":"https:\/\/api.w.org\/{rel}","templated":true}]}}