{"id":994,"date":"2019-02-13T12:46:23","date_gmt":"2019-02-13T11:46:23","guid":{"rendered":"http:\/\/serwis.fr\/?page_id=994"},"modified":"2019-02-15T18:03:09","modified_gmt":"2019-02-15T17:03:09","slug":"station-rws200-route","status":"publish","type":"page","link":"https:\/\/serwis.fr\/index.php\/station-rws200-route\/","title":{"rendered":"Station RWS200 pour la route"},"content":{"rendered":"<div id=\"pl-994\"  class=\"panel-layout\" ><div id=\"pg-994-0\"  class=\"panel-grid panel-no-style\" ><div id=\"pgc-994-0-0\"  class=\"panel-grid-cell panel-grid-cell-mobile-last\" ><div id=\"panel-994-0-0-0\" class=\"so-panel widget widget_shortcodes-ultimate shortcodes-ultimate panel-first-child panel-last-child\" data-index=\"0\" ><div class=\"textwidget\"><ul>\n \t<li style=\"text-align: justify;\">Station m\u00e9t\u00e9orologique routi\u00e8re RWS200 destin\u00e9e \u00e0 fournir les conditions de surface de la route en p\u00e9riode hivernale. En plus des capteurs atmosph\u00e9riques, la station RWS200 peut accueillir indiff\u00e9remment des capteurs de chauss\u00e9e intrusifs  \u00e0 encastrer dans le corps de l'enrob\u00e9 ou bien des capteurs optiques non intrusifs distants \u00e0 mettre en \u0153uvre sur des m\u00e2ts ou portiques \u00e0 proximit\u00e9 de la route. <\/li>\n<\/ul><\/div><\/div><\/div><div id=\"pgc-994-0-1\"  class=\"panel-grid-cell panel-grid-cell-empty\" ><\/div><\/div><div id=\"pg-994-1\"  class=\"panel-grid panel-no-style\" ><div id=\"pgc-994-1-0\"  class=\"panel-grid-cell\" ><div id=\"panel-994-1-0-0\" class=\"so-panel widget widget_sow-image panel-first-child panel-last-child\" data-index=\"1\" ><div\n\t\t\t\n\t\t\tclass=\"so-widget-sow-image so-widget-sow-image-default-d6014b76747a-994\"\n\t\t\t\n\t\t>\n\n<div class=\"sow-image-container\">\n\t\t<img src=\"https:\/\/serwis.fr\/wp-content\/uploads\/2018\/01\/P1090274.jpg\" width=\"2560\" height=\"1920\" srcset=\"https:\/\/serwis.fr\/wp-content\/uploads\/2018\/01\/P1090274.jpg 2560w, https:\/\/serwis.fr\/wp-content\/uploads\/2018\/01\/P1090274-300x225.jpg 300w, https:\/\/serwis.fr\/wp-content\/uploads\/2018\/01\/P1090274-768x576.jpg 768w, https:\/\/serwis.fr\/wp-content\/uploads\/2018\/01\/P1090274-1024x768.jpg 1024w\" sizes=\"(max-width: 767px) 89vw, (max-width: 1000px) 54vw, (max-width: 1071px) 543px, 580px\" title=\"Station RWS200 non-intrusive \" alt=\"\" loading=\"lazy\" \t\tclass=\"so-widget-image\"\/>\n\t<\/div>\n\n<\/div><\/div><\/div><\/div><\/div>","protected":false},"excerpt":{"rendered":"<p>Station m\u00e9t\u00e9orologique routi\u00e8re RWS200 destin\u00e9e \u00e0 fournir les conditions de surface de la route en p\u00e9riode hivernale. En plus des capteurs atmosph\u00e9riques, la station RWS200 peut accueillir indiff\u00e9remment des capteurs de chauss\u00e9e intrusifs \u00e0 encastrer dans le corps de l&rsquo;enrob\u00e9 ou bien des capteurs optiques non intrusifs distants \u00e0 mettre en \u0153uvre sur des m\u00e2ts &hellip; <\/p>\n<p class=\"link-more\"><a href=\"https:\/\/serwis.fr\/index.php\/station-rws200-route\/\" class=\"more-link\">Continuer la lecture<span class=\"screen-reader-text\"> de &laquo;&nbsp;Station RWS200 pour la route&nbsp;&raquo;<\/span><\/a><\/p>\n","protected":false},"author":1,"featured_media":0,"parent":0,"menu_order":0,"comment_status":"closed","ping_status":"closed","template":"","meta":[],"_links":{"self":[{"href":"https:\/\/serwis.fr\/index.php\/wp-json\/wp\/v2\/pages\/994"}],"collection":[{"href":"https:\/\/serwis.fr\/index.php\/wp-json\/wp\/v2\/pages"}],"about":[{"href":"https:\/\/serwis.fr\/index.php\/wp-json\/wp\/v2\/types\/page"}],"author":[{"embeddable":true,"href":"https:\/\/serwis.fr\/index.php\/wp-json\/wp\/v2\/users\/1"}],"replies":[{"embeddable":true,"href":"https:\/\/serwis.fr\/index.php\/wp-json\/wp\/v2\/comments?post=994"}],"version-history":[{"count":15,"href":"https:\/\/serwis.fr\/index.php\/wp-json\/wp\/v2\/pages\/994\/revisions"}],"predecessor-version":[{"id":1117,"href":"https:\/\/serwis.fr\/index.php\/wp-json\/wp\/v2\/pages\/994\/revisions\/1117"}],"wp:attachment":[{"href":"https:\/\/serwis.fr\/index.php\/wp-json\/wp\/v2\/media?parent=994"}],"curies":[{"name":"wp","href":"https:\/\/api.w.org\/{rel}","templated":true}]}}